{"id":23310,"date":"2025-08-01T17:22:11","date_gmt":"2025-08-01T15:22:11","guid":{"rendered":"https:\/\/uj.adatbank.ro\/lexikon\/termek\/tolvaly-ferenc-tolvaj-jobbagytelki\/"},"modified":"2025-08-01T17:22:11","modified_gmt":"2025-08-01T15:22:11","slug":"tolvaly-ferenc-tolvaj-jobbagytelki","status":"publish","type":"product","link":"https:\/\/uj.adatbank.ro\/lexikon\/termek\/tolvaly-ferenc-tolvaj-jobbagytelki\/","title":{"rendered":"TOLVALY Ferenc, Tolvaj, jobb\u00e1gytelki"},"content":{"rendered":"<p>Mv., 1911. j\u00fal. 8., \u2020 Mv., 1986. nov. 11. A II. vh.-ban hadapr\u00f3d \u0151rmesteri rangban vett r\u00e9szt. <br \/><strong>\u2013 Irod.:<\/strong> Berekm\u00e9ri; [Nekrol\u00f3g] (V. Z., 1986. nov. 14.).<\/br><\/p>\n","protected":false},"excerpt":{"rendered":"<p>Mv., 1911. j\u00fal. 8., \u2020 Mv., 1986. nov. 11. A II. vh.-ban hadapr\u00f3d \u0151rmesteri rangban vett r\u00e9szt. \u2013 Irod.: Berekm\u00e9ri; [Nekrol\u00f3g] (V. Z., 1986. nov. 14.).<\/p>\n","protected":false},"featured_media":0,"comment_status":"open","ping_status":"closed","template":"","meta":[],"product_brand":[],"product_cat":[137],"product_tag":[],"class_list":{"0":"post-23310","1":"product","2":"type-product","3":"status-publish","5":"product_cat-maros-megyei-eletrajzi-lexikon","7":"first","8":"instock","9":"shipping-taxable","10":"product-type-simple"},"_links":{"self":[{"href":"https:\/\/uj.adatbank.ro\/lexikon\/wp-json\/wp\/v2\/product\/23310","targetHints":{"allow":["GET"]}}],"collection":[{"href":"https:\/\/uj.adatbank.ro\/lexikon\/wp-json\/wp\/v2\/product"}],"about":[{"href":"https:\/\/uj.adatbank.ro\/lexikon\/wp-json\/wp\/v2\/types\/product"}],"replies":[{"embeddable":true,"href":"https:\/\/uj.adatbank.ro\/lexikon\/wp-json\/wp\/v2\/comments?post=23310"}],"wp:attachment":[{"href":"https:\/\/uj.adatbank.ro\/lexikon\/wp-json\/wp\/v2\/media?parent=23310"}],"wp:term":[{"taxonomy":"product_brand","embeddable":true,"href":"https:\/\/uj.adatbank.ro\/lexikon\/wp-json\/wp\/v2\/product_brand?post=23310"},{"taxonomy":"product_cat","embeddable":true,"href":"https:\/\/uj.adatbank.ro\/lexikon\/wp-json\/wp\/v2\/product_cat?post=23310"},{"taxonomy":"product_tag","embeddable":true,"href":"https:\/\/uj.adatbank.ro\/lexikon\/wp-json\/wp\/v2\/product_tag?post=23310"}],"curies":[{"name":"wp","href":"https:\/\/api.w.org\/{rel}","templated":true}]}}