{"id":23313,"date":"2025-08-01T17:22:17","date_gmt":"2025-08-01T15:22:17","guid":{"rendered":"https:\/\/uj.adatbank.ro\/lexikon\/termek\/tolvaly-jozsef\/"},"modified":"2025-08-01T17:22:17","modified_gmt":"2025-08-01T15:22:17","slug":"tolvaly-jozsef","status":"publish","type":"product","link":"https:\/\/uj.adatbank.ro\/lexikon\/termek\/tolvaly-jozsef\/","title":{"rendered":"TOLVALY J\u00f3zsef"},"content":{"rendered":"<p>? 1898., \u2020 ?: sz\u00f6v. vezet\u0151. \u2013 Erd\u0151csin\u00e1don a sz\u00f6vetkezet vezet\u0151je (1940\u2013), tekint\u00e9lyes polg\u00e1r, a K\u00f6zbirtokoss\u00e1g titk\u00e1ra volt. Irodalmi tev\u00e9kenys\u00e9get is folytatott, t\u00f6bb k\u00f6ltem\u00e9nye jelent meg nyomtat\u00e1sban, hazafis\u00e1ga miatt 2 h\u00f3napra bez\u00e1rt\u00e1k. <br \/><strong>\u2013 Irod.:<\/strong> Sz\u00e9kelyf\u00f6ld \u00ed. k.<\/br><\/p>\n","protected":false},"excerpt":{"rendered":"<p>? 1898., \u2020 ?: sz\u00f6v. vezet\u0151. \u2013 Erd\u0151csin\u00e1don a sz\u00f6vetkezet vezet\u0151je (1940\u2013), tekint\u00e9lyes polg\u00e1r, a K\u00f6zbirtokoss\u00e1g titk\u00e1ra volt. Irodalmi tev\u00e9kenys\u00e9get is folytatott, t\u00f6bb k\u00f6ltem\u00e9nye jelent meg nyomtat\u00e1sban, hazafis\u00e1ga miatt 2 h\u00f3napra bez\u00e1rt\u00e1k. \u2013 Irod.: Sz\u00e9kelyf\u00f6ld \u00ed. k.<\/p>\n","protected":false},"featured_media":0,"comment_status":"open","ping_status":"closed","template":"","meta":[],"product_brand":[],"product_cat":[137],"product_tag":[],"class_list":{"0":"post-23313","1":"product","2":"type-product","3":"status-publish","5":"product_cat-maros-megyei-eletrajzi-lexikon","7":"first","8":"instock","9":"shipping-taxable","10":"product-type-simple"},"_links":{"self":[{"href":"https:\/\/uj.adatbank.ro\/lexikon\/wp-json\/wp\/v2\/product\/23313","targetHints":{"allow":["GET"]}}],"collection":[{"href":"https:\/\/uj.adatbank.ro\/lexikon\/wp-json\/wp\/v2\/product"}],"about":[{"href":"https:\/\/uj.adatbank.ro\/lexikon\/wp-json\/wp\/v2\/types\/product"}],"replies":[{"embeddable":true,"href":"https:\/\/uj.adatbank.ro\/lexikon\/wp-json\/wp\/v2\/comments?post=23313"}],"wp:attachment":[{"href":"https:\/\/uj.adatbank.ro\/lexikon\/wp-json\/wp\/v2\/media?parent=23313"}],"wp:term":[{"taxonomy":"product_brand","embeddable":true,"href":"https:\/\/uj.adatbank.ro\/lexikon\/wp-json\/wp\/v2\/product_brand?post=23313"},{"taxonomy":"product_cat","embeddable":true,"href":"https:\/\/uj.adatbank.ro\/lexikon\/wp-json\/wp\/v2\/product_cat?post=23313"},{"taxonomy":"product_tag","embeddable":true,"href":"https:\/\/uj.adatbank.ro\/lexikon\/wp-json\/wp\/v2\/product_tag?post=23313"}],"curies":[{"name":"wp","href":"https:\/\/api.w.org\/{rel}","templated":true}]}}