{"id":23318,"date":"2025-08-01T17:22:26","date_gmt":"2025-08-01T15:22:26","guid":{"rendered":"https:\/\/uj.adatbank.ro\/lexikon\/termek\/tolvaly-sandor-2\/"},"modified":"2025-08-01T17:22:26","modified_gmt":"2025-08-01T15:22:26","slug":"tolvaly-sandor-2","status":"publish","type":"product","link":"https:\/\/uj.adatbank.ro\/lexikon\/termek\/tolvaly-sandor-2\/","title":{"rendered":"TOLVALY S\u00e1ndor"},"content":{"rendered":"<p>Mv., 1901., \u2020 ?: gazd\u00e1lkod\u00f3. \u2013 Katona iskol\u00e1ban v\u00e9gezte tanulm\u00e1nyait, majd \u00f6n\u00e1ll\u00f3an gazd\u00e1lkodott P\u00f3k\u00e1ban (1916\u2013) a csal\u00e1di birtokon. A presbit\u00e9rium tagja, a Tejfeldolgoz\u00f3 megalap\u00edt\u00f3ja, a k\u00f6zs\u00e9g b\u00edr\u00e1ja volt. <br \/><strong>\u2013 Irod.:<\/strong> Sz\u00e9kelyf\u00f6ld \u00ed. k.<\/br><\/p>\n","protected":false},"excerpt":{"rendered":"<p>Mv., 1901., \u2020 ?: gazd\u00e1lkod\u00f3. \u2013 Katona iskol\u00e1ban v\u00e9gezte tanulm\u00e1nyait, majd \u00f6n\u00e1ll\u00f3an gazd\u00e1lkodott P\u00f3k\u00e1ban (1916\u2013) a csal\u00e1di birtokon. A presbit\u00e9rium tagja, a Tejfeldolgoz\u00f3 megalap\u00edt\u00f3ja, a k\u00f6zs\u00e9g b\u00edr\u00e1ja volt. \u2013 Irod.: Sz\u00e9kelyf\u00f6ld \u00ed. k.<\/p>\n","protected":false},"featured_media":0,"comment_status":"open","ping_status":"closed","template":"","meta":[],"product_brand":[],"product_cat":[137],"product_tag":[],"class_list":{"0":"post-23318","1":"product","2":"type-product","3":"status-publish","5":"product_cat-maros-megyei-eletrajzi-lexikon","7":"first","8":"instock","9":"shipping-taxable","10":"product-type-simple"},"_links":{"self":[{"href":"https:\/\/uj.adatbank.ro\/lexikon\/wp-json\/wp\/v2\/product\/23318","targetHints":{"allow":["GET"]}}],"collection":[{"href":"https:\/\/uj.adatbank.ro\/lexikon\/wp-json\/wp\/v2\/product"}],"about":[{"href":"https:\/\/uj.adatbank.ro\/lexikon\/wp-json\/wp\/v2\/types\/product"}],"replies":[{"embeddable":true,"href":"https:\/\/uj.adatbank.ro\/lexikon\/wp-json\/wp\/v2\/comments?post=23318"}],"wp:attachment":[{"href":"https:\/\/uj.adatbank.ro\/lexikon\/wp-json\/wp\/v2\/media?parent=23318"}],"wp:term":[{"taxonomy":"product_brand","embeddable":true,"href":"https:\/\/uj.adatbank.ro\/lexikon\/wp-json\/wp\/v2\/product_brand?post=23318"},{"taxonomy":"product_cat","embeddable":true,"href":"https:\/\/uj.adatbank.ro\/lexikon\/wp-json\/wp\/v2\/product_cat?post=23318"},{"taxonomy":"product_tag","embeddable":true,"href":"https:\/\/uj.adatbank.ro\/lexikon\/wp-json\/wp\/v2\/product_tag?post=23318"}],"curies":[{"name":"wp","href":"https:\/\/api.w.org\/{rel}","templated":true}]}}