{"id":23320,"date":"2025-08-01T17:22:30","date_gmt":"2025-08-01T15:22:30","guid":{"rendered":"https:\/\/uj.adatbank.ro\/lexikon\/termek\/tolvaly-tolvay\/"},"modified":"2025-08-01T17:22:30","modified_gmt":"2025-08-01T15:22:30","slug":"tolvaly-tolvay","status":"publish","type":"product","link":"https:\/\/uj.adatbank.ro\/lexikon\/termek\/tolvaly-tolvay\/","title":{"rendered":"TOLVALY, Tolvay"},"content":{"rendered":"<p>Jobb\u00e1gytelki csal\u00e1d, nemess\u00e9ge \u0151si sz\u00e9kely jogon alapszik. A csal\u00e1d tagjai k\u00f6z\u00fcl legkor\u00e1bban Benedek \u00e9s Andr\u00e1s neve szerepel, akik mint jobb\u00e1gytelki birtokosok esk\u00fcdtek fel Rudolf kir\u00e1ly h\u0171s\u00e9g\u00e9re 1596-ban. Benedek Bocskay Istv\u00e1nt\u00f3l l\u00f3f\u0151s\u00e9get kapott (1605. szept. 25.), Andr\u00e1s, Benedek \u00e9s P\u00e1l mint primipilusok szerepelnek a Bethlen G\u00e1bor f\u00e9le lustrak\u00f6nyvben (1614). Mih\u00e1ly a XVIII. sz\u00e1zadban Erd\u0151csin\u00e1don szerzett birtokot, s ivad\u00e9kai ezt az el\u0151nevet is viselt\u00e9k. Zsigmond mez\u0151cs\u00e1v\u00e1si ref. lelk\u00e9sz Marossz\u00e9kt\u0151l 1829. december 5. nemesi bizony\u00edtv\u00e1nyt kapott: P\u00f3k\u00e1ban birtokot v\u00e1s\u00e1rolt (1840 k\u00f6r\u00fcl), s \u00edgy ut\u00f3dai p\u00f3kai birtokosok lettek. A csal\u00e1d nev\u00e9t Tolvay alakban is \u00edrja. \u2013 C\u00edmere: a pajzsban jobbfel\u00e9 fordult daru (vagy g\u00f3lya) felemelt jobbl\u00e1b\u00e1ban kigy\u00f3t tart. <br \/><strong>\u2013 Irod.:<\/strong> MNZS; P\u00e1lmay; P\u00f3ka.<\/br><\/p>\n","protected":false},"excerpt":{"rendered":"<p>Jobb\u00e1gytelki csal\u00e1d, nemess\u00e9ge \u0151si sz\u00e9kely jogon alapszik. A csal\u00e1d tagjai k\u00f6z\u00fcl legkor\u00e1bban Benedek \u00e9s Andr\u00e1s neve szerepel, akik mint jobb\u00e1gytelki birtokosok esk\u00fcdtek fel Rudolf kir\u00e1ly h\u0171s\u00e9g\u00e9re 1596-ban. Benedek Bocskay Istv\u00e1nt\u00f3l l\u00f3f\u0151s\u00e9get kapott (1605. szept. 25.), Andr\u00e1s, Benedek \u00e9s P\u00e1l mint primipilusok szerepelnek a Bethlen G\u00e1bor f\u00e9le lustrak\u00f6nyvben (1614). Mih\u00e1ly a XVIII. sz\u00e1zadban Erd\u0151csin\u00e1don szerzett birtokot, [&hellip;]<\/p>\n","protected":false},"featured_media":0,"comment_status":"open","ping_status":"closed","template":"","meta":[],"product_brand":[],"product_cat":[137],"product_tag":[],"class_list":{"0":"post-23320","1":"product","2":"type-product","3":"status-publish","5":"product_cat-maros-megyei-eletrajzi-lexikon","7":"first","8":"instock","9":"shipping-taxable","10":"product-type-simple"},"_links":{"self":[{"href":"https:\/\/uj.adatbank.ro\/lexikon\/wp-json\/wp\/v2\/product\/23320","targetHints":{"allow":["GET"]}}],"collection":[{"href":"https:\/\/uj.adatbank.ro\/lexikon\/wp-json\/wp\/v2\/product"}],"about":[{"href":"https:\/\/uj.adatbank.ro\/lexikon\/wp-json\/wp\/v2\/types\/product"}],"replies":[{"embeddable":true,"href":"https:\/\/uj.adatbank.ro\/lexikon\/wp-json\/wp\/v2\/comments?post=23320"}],"wp:attachment":[{"href":"https:\/\/uj.adatbank.ro\/lexikon\/wp-json\/wp\/v2\/media?parent=23320"}],"wp:term":[{"taxonomy":"product_brand","embeddable":true,"href":"https:\/\/uj.adatbank.ro\/lexikon\/wp-json\/wp\/v2\/product_brand?post=23320"},{"taxonomy":"product_cat","embeddable":true,"href":"https:\/\/uj.adatbank.ro\/lexikon\/wp-json\/wp\/v2\/product_cat?post=23320"},{"taxonomy":"product_tag","embeddable":true,"href":"https:\/\/uj.adatbank.ro\/lexikon\/wp-json\/wp\/v2\/product_tag?post=23320"}],"curies":[{"name":"wp","href":"https:\/\/api.w.org\/{rel}","templated":true}]}}