{"id":23321,"date":"2025-08-01T17:22:34","date_gmt":"2025-08-01T15:22:34","guid":{"rendered":"https:\/\/uj.adatbank.ro\/lexikon\/termek\/tolvaly-zsigmond-tolvay-jobbagytelki\/"},"modified":"2025-08-01T17:22:34","modified_gmt":"2025-08-01T15:22:34","slug":"tolvaly-zsigmond-tolvay-jobbagytelki","status":"publish","type":"product","link":"https:\/\/uj.adatbank.ro\/lexikon\/termek\/tolvaly-zsigmond-tolvay-jobbagytelki\/","title":{"rendered":"TOLVALY Zsigmond, Tolvay, jobb\u00e1gytelki"},"content":{"rendered":"<p>Mez\u0151cs\u00e1v\u00e1s, 1839 \u2020 ?: ref. lelk\u00e9sz, tan\u00e1r. \u2013 Apja lelk\u00e9sz, sz\u00fclei P\u00f3k\u00e1ban \u00e9ltek. Fia: Tibor, banktisztvisel\u0151 Sz\u00e9kelykereszt\u00faron. \u2013Tanult a J\u00e9nai Egy. B\u00f6lcs. Kar\u00e1n (1861), a z\u00fcrichi Egy. Hittud. Kar\u00e1n (1862\u201363), a Berlini Egy. Hittud. Kar\u00e1n (1863\u201364). Sz\u00e9kelyudvarhelyen ref. lelk\u00e9sz \u00e9s a Ref. F\u0151tanod\u00e1ban tan\u00edtott n\u00e9met nyelvet (1873\u201390). <br \/><strong>\u2013 Irod.:<\/strong> P\u00f3ka, Szab\u00f3\u2013Simon\u2013Sz\u00f6gi.<\/br><\/p>\n","protected":false},"excerpt":{"rendered":"<p>Mez\u0151cs\u00e1v\u00e1s, 1839 \u2020 ?: ref. lelk\u00e9sz, tan\u00e1r. \u2013 Apja lelk\u00e9sz, sz\u00fclei P\u00f3k\u00e1ban \u00e9ltek. Fia: Tibor, banktisztvisel\u0151 Sz\u00e9kelykereszt\u00faron. \u2013Tanult a J\u00e9nai Egy. B\u00f6lcs. Kar\u00e1n (1861), a z\u00fcrichi Egy. Hittud. Kar\u00e1n (1862\u201363), a Berlini Egy. Hittud. Kar\u00e1n (1863\u201364). Sz\u00e9kelyudvarhelyen ref. lelk\u00e9sz \u00e9s a Ref. F\u0151tanod\u00e1ban tan\u00edtott n\u00e9met nyelvet (1873\u201390). \u2013 Irod.: P\u00f3ka, Szab\u00f3\u2013Simon\u2013Sz\u00f6gi.<\/p>\n","protected":false},"featured_media":0,"comment_status":"open","ping_status":"closed","template":"","meta":[],"product_brand":[],"product_cat":[137],"product_tag":[],"class_list":{"0":"post-23321","1":"product","2":"type-product","3":"status-publish","5":"product_cat-maros-megyei-eletrajzi-lexikon","7":"first","8":"instock","9":"shipping-taxable","10":"product-type-simple"},"_links":{"self":[{"href":"https:\/\/uj.adatbank.ro\/lexikon\/wp-json\/wp\/v2\/product\/23321","targetHints":{"allow":["GET"]}}],"collection":[{"href":"https:\/\/uj.adatbank.ro\/lexikon\/wp-json\/wp\/v2\/product"}],"about":[{"href":"https:\/\/uj.adatbank.ro\/lexikon\/wp-json\/wp\/v2\/types\/product"}],"replies":[{"embeddable":true,"href":"https:\/\/uj.adatbank.ro\/lexikon\/wp-json\/wp\/v2\/comments?post=23321"}],"wp:attachment":[{"href":"https:\/\/uj.adatbank.ro\/lexikon\/wp-json\/wp\/v2\/media?parent=23321"}],"wp:term":[{"taxonomy":"product_brand","embeddable":true,"href":"https:\/\/uj.adatbank.ro\/lexikon\/wp-json\/wp\/v2\/product_brand?post=23321"},{"taxonomy":"product_cat","embeddable":true,"href":"https:\/\/uj.adatbank.ro\/lexikon\/wp-json\/wp\/v2\/product_cat?post=23321"},{"taxonomy":"product_tag","embeddable":true,"href":"https:\/\/uj.adatbank.ro\/lexikon\/wp-json\/wp\/v2\/product_tag?post=23321"}],"curies":[{"name":"wp","href":"https:\/\/api.w.org\/{rel}","templated":true}]}}