{"id":23328,"date":"2025-08-01T17:22:52","date_gmt":"2025-08-01T15:22:52","guid":{"rendered":"https:\/\/uj.adatbank.ro\/lexikon\/termek\/tomcsik-jeno\/"},"modified":"2025-08-01T17:22:52","modified_gmt":"2025-08-01T15:22:52","slug":"tomcsik-jeno","status":"publish","type":"product","link":"https:\/\/uj.adatbank.ro\/lexikon\/termek\/tomcsik-jeno\/","title":{"rendered":"TOMCSIK Jen\u0151"},"content":{"rendered":"<p>Kv., 1856., \u2020 Erd\u0151szentgy\u00f6rgy, 1892. \u00e1pr. 14.: gy\u00f3gyszer\u00e9sz. \u2013 Kv.-on kezdte egyetemi tanulm\u00e1nyait (1876), Bp.-en folytatta, ahol gy\u00f3gyszer\u00e9sz oklevelet kapott (1878). Visszat\u00e9rt \u00e9s megkapta a jogot \u00faj gy\u00f3gyszert\u00e1r l\u00e9trehoz\u00e1s\u00e1ra. Erd\u0151szentgy\u00f6rgy\u00f6n nyitotta meg Angya nev\u0171 gy\u00f3gyszert\u00e1r\u00e1t (1879), amit korai hal\u00e1l\u00e1ig vezetett (1892). <br \/><strong>\u2013 Irod.:<\/strong> P\u00e9ter H. M. 2013.<\/br><\/p>\n","protected":false},"excerpt":{"rendered":"<p>Kv., 1856., \u2020 Erd\u0151szentgy\u00f6rgy, 1892. \u00e1pr. 14.: gy\u00f3gyszer\u00e9sz. \u2013 Kv.-on kezdte egyetemi tanulm\u00e1nyait (1876), Bp.-en folytatta, ahol gy\u00f3gyszer\u00e9sz oklevelet kapott (1878). Visszat\u00e9rt \u00e9s megkapta a jogot \u00faj gy\u00f3gyszert\u00e1r l\u00e9trehoz\u00e1s\u00e1ra. Erd\u0151szentgy\u00f6rgy\u00f6n nyitotta meg Angya nev\u0171 gy\u00f3gyszert\u00e1r\u00e1t (1879), amit korai hal\u00e1l\u00e1ig vezetett (1892). \u2013 Irod.: P\u00e9ter H. M. 2013.<\/p>\n","protected":false},"featured_media":0,"comment_status":"open","ping_status":"closed","template":"","meta":[],"product_brand":[],"product_cat":[137],"product_tag":[],"class_list":{"0":"post-23328","1":"product","2":"type-product","3":"status-publish","5":"product_cat-maros-megyei-eletrajzi-lexikon","7":"first","8":"instock","9":"shipping-taxable","10":"product-type-simple"},"_links":{"self":[{"href":"https:\/\/uj.adatbank.ro\/lexikon\/wp-json\/wp\/v2\/product\/23328","targetHints":{"allow":["GET"]}}],"collection":[{"href":"https:\/\/uj.adatbank.ro\/lexikon\/wp-json\/wp\/v2\/product"}],"about":[{"href":"https:\/\/uj.adatbank.ro\/lexikon\/wp-json\/wp\/v2\/types\/product"}],"replies":[{"embeddable":true,"href":"https:\/\/uj.adatbank.ro\/lexikon\/wp-json\/wp\/v2\/comments?post=23328"}],"wp:attachment":[{"href":"https:\/\/uj.adatbank.ro\/lexikon\/wp-json\/wp\/v2\/media?parent=23328"}],"wp:term":[{"taxonomy":"product_brand","embeddable":true,"href":"https:\/\/uj.adatbank.ro\/lexikon\/wp-json\/wp\/v2\/product_brand?post=23328"},{"taxonomy":"product_cat","embeddable":true,"href":"https:\/\/uj.adatbank.ro\/lexikon\/wp-json\/wp\/v2\/product_cat?post=23328"},{"taxonomy":"product_tag","embeddable":true,"href":"https:\/\/uj.adatbank.ro\/lexikon\/wp-json\/wp\/v2\/product_tag?post=23328"}],"curies":[{"name":"wp","href":"https:\/\/api.w.org\/{rel}","templated":true}]}}