{"id":23331,"date":"2025-08-01T17:23:01","date_gmt":"2025-08-01T15:23:01","guid":{"rendered":"https:\/\/uj.adatbank.ro\/lexikon\/termek\/tomori-miklos-csucsi\/"},"modified":"2025-08-01T17:23:01","modified_gmt":"2025-08-01T15:23:01","slug":"tomori-miklos-csucsi","status":"publish","type":"product","link":"https:\/\/uj.adatbank.ro\/lexikon\/termek\/tomori-miklos-csucsi\/","title":{"rendered":"TOMORI Mikl\u00f3s, csucsi"},"content":{"rendered":"<p>? \u2020 ?: c\u00edmere megtal\u00e1lhat\u00f3 a k\u00f6vesdi ref. templom nyugati kapuj\u00e1n (1535), a szents\u00e9gtart\u00f3 f\u00fclk\u00e9n (1537), majd Kv.-on az Erd\u00e9lyi Nemzeti M\u00fazeumban (?). K\u00f6vesd a Tomoriak\u00e9 volt., II. Ul\u00e1szl\u00f3 T. Istv\u00e1nt meger\u0151s\u00edtette K\u00f6vesd birtok\u00e1ba (1514). <br \/><strong>\u2013 Irod.:<\/strong> Balogh Jol\u00e1n 1943.<\/br><\/p>\n","protected":false},"excerpt":{"rendered":"<p>? \u2020 ?: c\u00edmere megtal\u00e1lhat\u00f3 a k\u00f6vesdi ref. templom nyugati kapuj\u00e1n (1535), a szents\u00e9gtart\u00f3 f\u00fclk\u00e9n (1537), majd Kv.-on az Erd\u00e9lyi Nemzeti M\u00fazeumban (?). K\u00f6vesd a Tomoriak\u00e9 volt., II. Ul\u00e1szl\u00f3 T. Istv\u00e1nt meger\u0151s\u00edtette K\u00f6vesd birtok\u00e1ba (1514). \u2013 Irod.: Balogh Jol\u00e1n 1943.<\/p>\n","protected":false},"featured_media":0,"comment_status":"open","ping_status":"closed","template":"","meta":[],"product_brand":[],"product_cat":[137],"product_tag":[],"class_list":{"0":"post-23331","1":"product","2":"type-product","3":"status-publish","5":"product_cat-maros-megyei-eletrajzi-lexikon","7":"first","8":"instock","9":"shipping-taxable","10":"product-type-simple"},"_links":{"self":[{"href":"https:\/\/uj.adatbank.ro\/lexikon\/wp-json\/wp\/v2\/product\/23331","targetHints":{"allow":["GET"]}}],"collection":[{"href":"https:\/\/uj.adatbank.ro\/lexikon\/wp-json\/wp\/v2\/product"}],"about":[{"href":"https:\/\/uj.adatbank.ro\/lexikon\/wp-json\/wp\/v2\/types\/product"}],"replies":[{"embeddable":true,"href":"https:\/\/uj.adatbank.ro\/lexikon\/wp-json\/wp\/v2\/comments?post=23331"}],"wp:attachment":[{"href":"https:\/\/uj.adatbank.ro\/lexikon\/wp-json\/wp\/v2\/media?parent=23331"}],"wp:term":[{"taxonomy":"product_brand","embeddable":true,"href":"https:\/\/uj.adatbank.ro\/lexikon\/wp-json\/wp\/v2\/product_brand?post=23331"},{"taxonomy":"product_cat","embeddable":true,"href":"https:\/\/uj.adatbank.ro\/lexikon\/wp-json\/wp\/v2\/product_cat?post=23331"},{"taxonomy":"product_tag","embeddable":true,"href":"https:\/\/uj.adatbank.ro\/lexikon\/wp-json\/wp\/v2\/product_tag?post=23331"}],"curies":[{"name":"wp","href":"https:\/\/api.w.org\/{rel}","templated":true}]}}