{"id":23332,"date":"2025-08-01T17:23:03","date_gmt":"2025-08-01T15:23:03","guid":{"rendered":"https:\/\/uj.adatbank.ro\/lexikon\/termek\/tomoroveanu-aexandra\/"},"modified":"2025-08-01T17:23:03","modified_gmt":"2025-08-01T15:23:03","slug":"tomoroveanu-aexandra","status":"publish","type":"product","link":"https:\/\/uj.adatbank.ro\/lexikon\/termek\/tomoroveanu-aexandra\/","title":{"rendered":"TOMOROVEANU Aexandra"},"content":{"rendered":"<p>? \u2020 Mv., 1968. m\u00e1j.: d\u00edszlettervez\u0151. \u2013 A bukaresti Sz\u00edni Akad v\u00e9gzettje, aki a petrozs\u00e9nyi sz\u00ednh\u00e1zban dolgozott majd Mv.-re ker\u00fclt (1967 okt.). Mv.-en. mind\u00f6ssze egy plak\u00e1tot tervezett a Capcana pentru un om singur c. darabhoz \u00e9s elk\u00e9sz\u00edtette M\u00e9hes Gy\u00f6rgy: Mi f\u00e9rfiak c. darabj\u00e1nak a d\u00edszleteit \u00e9s koszt\u00fcmjeit. \u2013Irod: Fodor Zeno.<\/br><\/p>\n","protected":false},"excerpt":{"rendered":"<p>? \u2020 Mv., 1968. m\u00e1j.: d\u00edszlettervez\u0151. \u2013 A bukaresti Sz\u00edni Akad v\u00e9gzettje, aki a petrozs\u00e9nyi sz\u00ednh\u00e1zban dolgozott majd Mv.-re ker\u00fclt (1967 okt.). Mv.-en. mind\u00f6ssze egy plak\u00e1tot tervezett a Capcana pentru un om singur c. darabhoz \u00e9s elk\u00e9sz\u00edtette M\u00e9hes Gy\u00f6rgy: Mi f\u00e9rfiak c. darabj\u00e1nak a d\u00edszleteit \u00e9s koszt\u00fcmjeit. \u2013Irod: Fodor Zeno.<\/p>\n","protected":false},"featured_media":0,"comment_status":"open","ping_status":"closed","template":"","meta":[],"product_brand":[],"product_cat":[137],"product_tag":[],"class_list":{"0":"post-23332","1":"product","2":"type-product","3":"status-publish","5":"product_cat-maros-megyei-eletrajzi-lexikon","7":"first","8":"instock","9":"shipping-taxable","10":"product-type-simple"},"_links":{"self":[{"href":"https:\/\/uj.adatbank.ro\/lexikon\/wp-json\/wp\/v2\/product\/23332","targetHints":{"allow":["GET"]}}],"collection":[{"href":"https:\/\/uj.adatbank.ro\/lexikon\/wp-json\/wp\/v2\/product"}],"about":[{"href":"https:\/\/uj.adatbank.ro\/lexikon\/wp-json\/wp\/v2\/types\/product"}],"replies":[{"embeddable":true,"href":"https:\/\/uj.adatbank.ro\/lexikon\/wp-json\/wp\/v2\/comments?post=23332"}],"wp:attachment":[{"href":"https:\/\/uj.adatbank.ro\/lexikon\/wp-json\/wp\/v2\/media?parent=23332"}],"wp:term":[{"taxonomy":"product_brand","embeddable":true,"href":"https:\/\/uj.adatbank.ro\/lexikon\/wp-json\/wp\/v2\/product_brand?post=23332"},{"taxonomy":"product_cat","embeddable":true,"href":"https:\/\/uj.adatbank.ro\/lexikon\/wp-json\/wp\/v2\/product_cat?post=23332"},{"taxonomy":"product_tag","embeddable":true,"href":"https:\/\/uj.adatbank.ro\/lexikon\/wp-json\/wp\/v2\/product_tag?post=23332"}],"curies":[{"name":"wp","href":"https:\/\/api.w.org\/{rel}","templated":true}]}}