{"id":23334,"date":"2025-08-01T17:23:07","date_gmt":"2025-08-01T15:23:07","guid":{"rendered":"https:\/\/uj.adatbank.ro\/lexikon\/termek\/tomosvary-odon\/"},"modified":"2025-08-01T17:23:07","modified_gmt":"2025-08-01T15:23:07","slug":"tomosvary-odon","status":"publish","type":"product","link":"https:\/\/uj.adatbank.ro\/lexikon\/termek\/tomosvary-odon\/","title":{"rendered":"T\u00d6M\u00d6SV\u00c1RY \u00d6d\u00f6n"},"content":{"rendered":"<p>Magyar\u00f3, 1852. okt. 12., \u2020 D\u00e9va, 1884. aug. 15.: entomol\u00f3gus, zool\u00f3gus. \u2013 A Selmecb\u00e1nyai b\u00e1ny\u00e1szati \u00e9s erd\u00e9szeti akad.-n tanult (1870\u201371). Tagos\u00ed-t\u00f3 seg\u00e9dm\u00e9rn\u00f6k (1872\u201377). A kv.-i egy.-en Entz G\u00e9za tan\u00edtv\u00e1nya (1877\u201380), b\u00f6lcs\u00e9szdoktori \u00e9s k\u00f6z\u00e9pisk. tan\u00e1ri oklevelet szerzett (1881). A mv.-i ref. koll\u00e9giumban a term\u00e9szetrajz h. tan\u00e1ra (1880\u2013), Tapolc\u00e1n filox\u00e9rabiztos (1881), Pujban (Hunyad vm.) a Puji csal\u00e1dn\u00e1l nevel\u0151 (1881\u201382), Bp.-en a filox\u00e9ra k\u00eds\u00e9rleti \u00e1llom\u00e1s biztosa (1882\u201384), az Al-Dun\u00e1n folytatott kutat\u00e1sokat (kolumb\u00e1csi l\u00e9gy) fejl\u0151d\u00e9s\u00e9nek tanulm\u00e1nyoz\u00e1sa c\u00e9lj\u00e1b\u00f3l (1883). F\u0151k\u00e9nt a sz\u00e1zl\u00e1b\u00faak kutat\u00e1s\u00e1val foglalkozott; a M. Term\u00e9szettud. T\u00e1rsulat megb\u00edz\u00e1s\u00e1b\u00f3l monografikus feldolgoz\u00e1sukkal foglalkozott; e t\u00e9mak\u00f6rben sz\u00e1mos tanulm\u00e1nyt tett k\u00f6zz\u00e9. Mintegy 50 dolgozata jelent meg. A kolumb\u00e1csi l\u00e9gy \u00e9letm\u00f3dj\u00e1nak, fejl\u0151d\u00e9s\u00e9nek felt\u00e1r\u00e1s\u00e1val sz\u00e9les k\u00f6rben elterjedt t\u00e9ves ismereteket oszlatott el, s ezzel hozz\u00e1j\u00e1rult a l\u00e9gy elleni v\u00e9dekez\u00e9s m\u00f3dj\u00e1nak kidolgoz\u00e1s\u00e1hoz. Felfedezett egy \u00faj al-dunai l\u00e9gyfajt (Thalassomya congregata). \u2013  <strong>F. m..:<\/strong> Adatok a haz\u00e1nkban el\u0151fordul\u00f3 Myriopod\u00e1kr\u00f3l (Bp., 1879); A scutigera coleoptera l\u00e9gz\u0151szerv\u00e9r\u0151l (Mv., 1881); Adatok haz\u00e1nk thysanura faun\u00e1j\u00e1hoz (Bp., 1883); A magyar fauna \u00e1lskorpi\u00f3i (Bp., 1883); A haz\u00e1nkban el\u0151fordul\u00f3 Heterogn\u00e1th\u00e1k (Bp., 1883); Jelent\u00e9s a kolumb\u00e1csi l\u00e9gyr\u0151l (Bp., 1883); Adatok a Scolopondrell\u00e1k ismertet\u00e9s\u00e9hez (Bp., 1884); Egy t\u00f6megesen teny\u00e9sz\u0151 l\u00e9gyfaj (Thalassomya congregata) (Bp., 1884); \u00dajabb adatok haz\u00e1nk thysanura faun\u00e1j\u00e1hoz (Bp., 1884); A kolumb\u00e1csi l\u00e9gy (Bp., 1884). <br \/><strong>\u2013 Irod.:<\/strong> Czirj\u00e1k 3; Daday; RNL; Rugonfalvi Kiss; Szil\u00e1dy Zolt\u00e1n: Die Geschichte der Zoologie in Ungarn (Debrecen, 1927); Szinnyei; Todea; \u00daM\u00c9L.<\/br><\/p>\n","protected":false},"excerpt":{"rendered":"<p>Magyar\u00f3, 1852. okt. 12., \u2020 D\u00e9va, 1884. aug. 15.: entomol\u00f3gus, zool\u00f3gus. \u2013 A Selmecb\u00e1nyai b\u00e1ny\u00e1szati \u00e9s erd\u00e9szeti akad.-n tanult (1870\u201371). Tagos\u00ed-t\u00f3 seg\u00e9dm\u00e9rn\u00f6k (1872\u201377). A kv.-i egy.-en Entz G\u00e9za tan\u00edtv\u00e1nya (1877\u201380), b\u00f6lcs\u00e9szdoktori \u00e9s k\u00f6z\u00e9pisk. tan\u00e1ri oklevelet szerzett (1881). A mv.-i ref. koll\u00e9giumban a term\u00e9szetrajz h. tan\u00e1ra (1880\u2013), Tapolc\u00e1n filox\u00e9rabiztos (1881), Pujban (Hunyad vm.) a Puji csal\u00e1dn\u00e1l [&hellip;]<\/p>\n","protected":false},"featured_media":0,"comment_status":"open","ping_status":"closed","template":"","meta":[],"product_brand":[],"product_cat":[137],"product_tag":[],"class_list":{"0":"post-23334","1":"product","2":"type-product","3":"status-publish","5":"product_cat-maros-megyei-eletrajzi-lexikon","7":"first","8":"instock","9":"shipping-taxable","10":"product-type-simple"},"_links":{"self":[{"href":"https:\/\/uj.adatbank.ro\/lexikon\/wp-json\/wp\/v2\/product\/23334","targetHints":{"allow":["GET"]}}],"collection":[{"href":"https:\/\/uj.adatbank.ro\/lexikon\/wp-json\/wp\/v2\/product"}],"about":[{"href":"https:\/\/uj.adatbank.ro\/lexikon\/wp-json\/wp\/v2\/types\/product"}],"replies":[{"embeddable":true,"href":"https:\/\/uj.adatbank.ro\/lexikon\/wp-json\/wp\/v2\/comments?post=23334"}],"wp:attachment":[{"href":"https:\/\/uj.adatbank.ro\/lexikon\/wp-json\/wp\/v2\/media?parent=23334"}],"wp:term":[{"taxonomy":"product_brand","embeddable":true,"href":"https:\/\/uj.adatbank.ro\/lexikon\/wp-json\/wp\/v2\/product_brand?post=23334"},{"taxonomy":"product_cat","embeddable":true,"href":"https:\/\/uj.adatbank.ro\/lexikon\/wp-json\/wp\/v2\/product_cat?post=23334"},{"taxonomy":"product_tag","embeddable":true,"href":"https:\/\/uj.adatbank.ro\/lexikon\/wp-json\/wp\/v2\/product_tag?post=23334"}],"curies":[{"name":"wp","href":"https:\/\/api.w.org\/{rel}","templated":true}]}}