{"id":23335,"date":"2025-08-01T17:23:11","date_gmt":"2025-08-01T15:23:11","guid":{"rendered":"https:\/\/uj.adatbank.ro\/lexikon\/termek\/tomosvary-szabo-gyorgy-tomosvari-temesvari\/"},"modified":"2025-08-01T17:23:11","modified_gmt":"2025-08-01T15:23:11","slug":"tomosvary-szabo-gyorgy-tomosvari-temesvari","status":"publish","type":"product","link":"https:\/\/uj.adatbank.ro\/lexikon\/termek\/tomosvary-szabo-gyorgy-tomosvari-temesvari\/","title":{"rendered":"T\u00d6M\u00d6SV\u00c1RY SZAB\u00d3 Gy\u00f6rgy; T\u00f6m\u00f6sv\u00e1ri; Temesv\u00e1ri"},"content":{"rendered":"<p>? \u2020 ?: v\u00e1rosi nemes, b\u00edr\u00f3. \u2013 Mv. f\u0151b\u00edr\u00e1ja (1586, 1587, 1597, 1598), c\u00edmere van. Egyike a v\u00e1s\u00e1rhelyen \u00e9l\u0151 \u00f6t nemesi csal\u00e1dnak (1602). <br \/><strong>\u2013 Irod.:<\/strong> Fodor\u2013Bal\u00e1s; Id\u0151t\u00e1r 1; Marossz\u00e9ki kr\u00f3nik\u00e1k 1.; P\u00e1l-Antal 2009; S\u00e1ndor Imre; Szentgy\u00f6rgyi; SzOkl, 5.<\/br><\/p>\n","protected":false},"excerpt":{"rendered":"<p>? \u2020 ?: v\u00e1rosi nemes, b\u00edr\u00f3. \u2013 Mv. f\u0151b\u00edr\u00e1ja (1586, 1587, 1597, 1598), c\u00edmere van. Egyike a v\u00e1s\u00e1rhelyen \u00e9l\u0151 \u00f6t nemesi csal\u00e1dnak (1602). \u2013 Irod.: Fodor\u2013Bal\u00e1s; Id\u0151t\u00e1r 1; Marossz\u00e9ki kr\u00f3nik\u00e1k 1.; P\u00e1l-Antal 2009; S\u00e1ndor Imre; Szentgy\u00f6rgyi; SzOkl, 5.<\/p>\n","protected":false},"featured_media":0,"comment_status":"open","ping_status":"closed","template":"","meta":[],"product_brand":[],"product_cat":[137],"product_tag":[],"class_list":{"0":"post-23335","1":"product","2":"type-product","3":"status-publish","5":"product_cat-maros-megyei-eletrajzi-lexikon","7":"first","8":"instock","9":"shipping-taxable","10":"product-type-simple"},"_links":{"self":[{"href":"https:\/\/uj.adatbank.ro\/lexikon\/wp-json\/wp\/v2\/product\/23335","targetHints":{"allow":["GET"]}}],"collection":[{"href":"https:\/\/uj.adatbank.ro\/lexikon\/wp-json\/wp\/v2\/product"}],"about":[{"href":"https:\/\/uj.adatbank.ro\/lexikon\/wp-json\/wp\/v2\/types\/product"}],"replies":[{"embeddable":true,"href":"https:\/\/uj.adatbank.ro\/lexikon\/wp-json\/wp\/v2\/comments?post=23335"}],"wp:attachment":[{"href":"https:\/\/uj.adatbank.ro\/lexikon\/wp-json\/wp\/v2\/media?parent=23335"}],"wp:term":[{"taxonomy":"product_brand","embeddable":true,"href":"https:\/\/uj.adatbank.ro\/lexikon\/wp-json\/wp\/v2\/product_brand?post=23335"},{"taxonomy":"product_cat","embeddable":true,"href":"https:\/\/uj.adatbank.ro\/lexikon\/wp-json\/wp\/v2\/product_cat?post=23335"},{"taxonomy":"product_tag","embeddable":true,"href":"https:\/\/uj.adatbank.ro\/lexikon\/wp-json\/wp\/v2\/product_tag?post=23335"}],"curies":[{"name":"wp","href":"https:\/\/api.w.org\/{rel}","templated":true}]}}