{"id":23337,"date":"2025-08-01T17:23:17","date_gmt":"2025-08-01T15:23:17","guid":{"rendered":"https:\/\/uj.adatbank.ro\/lexikon\/termek\/tompa-attila-%c2%a7\/"},"modified":"2025-08-01T17:23:17","modified_gmt":"2025-08-01T15:23:17","slug":"tompa-attila-%c2%a7","status":"publish","type":"product","link":"https:\/\/uj.adatbank.ro\/lexikon\/termek\/tompa-attila-%c2%a7\/","title":{"rendered":"TOMPA Attila, \u00a7"},"content":{"rendered":"<p>Mv., 1929. dec. 22., \u2020 Szatm\u00e1rn\u00e9meti, 1990. m\u00e1j. 12.: sz\u00edn\u00e9sz. \u2013 A kv.-i Szentgy\u00f6rgyi Istv\u00e1n Sz\u00ednm\u0171v\u00e9szeti Int\u00e9zetben v\u00e9gzett (1953) \u00e9s a nagyb\u00e1nyai (1953\u2013), k\u00e9s\u0151bb a szatm\u00e1rn\u00e9meti (1956\u2013) \u00c9szaki Sz\u00ednh\u00e1z tagja. J\u00f3l k\u00f6rvonalazott epiz\u00f3dalak\u00edt\u00e1saival tette eml\u00e9kezetess\u00e9 nev\u00e9t. Irodalmi esteken is gyakran fell\u00e9pett. &#8211;<strong>F. sz.:<\/strong>: Nap\u00f3leon, Kutuzov (Tolsztoj\u2013Piscator: H\u00e1bor\u00fa \u00e9s b\u00e9ke); Lenin (Pogogyin: \u00c9l\u0151 vir\u00e1gok); P\u00f3salaky (M\u00f3ricz Zs.: L\u00e9gy j\u00f3 mindhal\u00e1lig); Vaddiszn\u00f3 b\u00e1csi (Fodor S.: Csipike \u00e9s Tipetupa), S\u00edr\u00e1s\u00f3 (Shakespeare: Hamlet); Chesebie kanonok (Wilde: Bunbury), a t\u00f6rv\u00e9nyb\u00edr\u00f3 (Ben Jonson: Volpone). <br \/><strong>\u2013 Irod.:<\/strong> A H\u00e9t \u00e9vk.(1982); Katona Szab\u00f3 Istv\u00e1n: Az \u00daj \u00c9let lexikona, 154. (\u00daj \u00c9let, 1974, 23. sz.); MSZL.<\/br><\/p>\n","protected":false},"excerpt":{"rendered":"<p>Mv., 1929. dec. 22., \u2020 Szatm\u00e1rn\u00e9meti, 1990. m\u00e1j. 12.: sz\u00edn\u00e9sz. \u2013 A kv.-i Szentgy\u00f6rgyi Istv\u00e1n Sz\u00ednm\u0171v\u00e9szeti Int\u00e9zetben v\u00e9gzett (1953) \u00e9s a nagyb\u00e1nyai (1953\u2013), k\u00e9s\u0151bb a szatm\u00e1rn\u00e9meti (1956\u2013) \u00c9szaki Sz\u00ednh\u00e1z tagja. J\u00f3l k\u00f6rvonalazott epiz\u00f3dalak\u00edt\u00e1saival tette eml\u00e9kezetess\u00e9 nev\u00e9t. Irodalmi esteken is gyakran fell\u00e9pett. &#8211;F. sz.:: Nap\u00f3leon, Kutuzov (Tolsztoj\u2013Piscator: H\u00e1bor\u00fa \u00e9s b\u00e9ke); Lenin (Pogogyin: \u00c9l\u0151 vir\u00e1gok); P\u00f3salaky (M\u00f3ricz [&hellip;]<\/p>\n","protected":false},"featured_media":0,"comment_status":"open","ping_status":"closed","template":"","meta":[],"product_brand":[],"product_cat":[137],"product_tag":[],"class_list":{"0":"post-23337","1":"product","2":"type-product","3":"status-publish","5":"product_cat-maros-megyei-eletrajzi-lexikon","7":"first","8":"instock","9":"shipping-taxable","10":"product-type-simple"},"_links":{"self":[{"href":"https:\/\/uj.adatbank.ro\/lexikon\/wp-json\/wp\/v2\/product\/23337","targetHints":{"allow":["GET"]}}],"collection":[{"href":"https:\/\/uj.adatbank.ro\/lexikon\/wp-json\/wp\/v2\/product"}],"about":[{"href":"https:\/\/uj.adatbank.ro\/lexikon\/wp-json\/wp\/v2\/types\/product"}],"replies":[{"embeddable":true,"href":"https:\/\/uj.adatbank.ro\/lexikon\/wp-json\/wp\/v2\/comments?post=23337"}],"wp:attachment":[{"href":"https:\/\/uj.adatbank.ro\/lexikon\/wp-json\/wp\/v2\/media?parent=23337"}],"wp:term":[{"taxonomy":"product_brand","embeddable":true,"href":"https:\/\/uj.adatbank.ro\/lexikon\/wp-json\/wp\/v2\/product_brand?post=23337"},{"taxonomy":"product_cat","embeddable":true,"href":"https:\/\/uj.adatbank.ro\/lexikon\/wp-json\/wp\/v2\/product_cat?post=23337"},{"taxonomy":"product_tag","embeddable":true,"href":"https:\/\/uj.adatbank.ro\/lexikon\/wp-json\/wp\/v2\/product_tag?post=23337"}],"curies":[{"name":"wp","href":"https:\/\/api.w.org\/{rel}","templated":true}]}}