{"id":23338,"date":"2025-08-01T17:23:21","date_gmt":"2025-08-01T15:23:21","guid":{"rendered":"https:\/\/uj.adatbank.ro\/lexikon\/termek\/tompa-bela\/"},"modified":"2025-08-01T17:23:21","modified_gmt":"2025-08-01T15:23:21","slug":"tompa-bela","status":"publish","type":"product","link":"https:\/\/uj.adatbank.ro\/lexikon\/termek\/tompa-bela\/","title":{"rendered":"TOMPA B\u00e9la"},"content":{"rendered":"<p>? \u2020 ?: sz\u00edn\u00e9sz. Kecskem\u00e9t, Nagyv\u00e1rad, Bp., Kv., Mv., Temesv\u00e1r, Arad voltak sz\u00edn\u00e9szi, rendez\u0151i \u00e9s m\u0171vezet\u0151-igazgat\u00f3i m\u0171k\u00f6d\u00e9s\u00e9nek \u00e1llom\u00e1sai. Erd\u00e9lyi m\u0171k\u00f6d\u00e9se alatt az operett-t\u00e1rsulatok er\u0151ss\u00e9ge volt. \u00cdrt k\u00e9t szkeccset \u00e9s operettsz\u00f6veget. Mv.-en szerepelt (1921\u201322) \u00e9vadban t\u00e1rsulat\u00e1val. <br \/><strong>\u2013 Irod.:<\/strong> Id\u0151t\u00e1r 3; Osv\u00e1th.<\/br><\/p>\n","protected":false},"excerpt":{"rendered":"<p>? \u2020 ?: sz\u00edn\u00e9sz. Kecskem\u00e9t, Nagyv\u00e1rad, Bp., Kv., Mv., Temesv\u00e1r, Arad voltak sz\u00edn\u00e9szi, rendez\u0151i \u00e9s m\u0171vezet\u0151-igazgat\u00f3i m\u0171k\u00f6d\u00e9s\u00e9nek \u00e1llom\u00e1sai. Erd\u00e9lyi m\u0171k\u00f6d\u00e9se alatt az operett-t\u00e1rsulatok er\u0151ss\u00e9ge volt. \u00cdrt k\u00e9t szkeccset \u00e9s operettsz\u00f6veget. Mv.-en szerepelt (1921\u201322) \u00e9vadban t\u00e1rsulat\u00e1val. \u2013 Irod.: Id\u0151t\u00e1r 3; Osv\u00e1th.<\/p>\n","protected":false},"featured_media":0,"comment_status":"open","ping_status":"closed","template":"","meta":[],"product_brand":[],"product_cat":[137],"product_tag":[],"class_list":{"0":"post-23338","1":"product","2":"type-product","3":"status-publish","5":"product_cat-maros-megyei-eletrajzi-lexikon","7":"first","8":"instock","9":"shipping-taxable","10":"product-type-simple"},"_links":{"self":[{"href":"https:\/\/uj.adatbank.ro\/lexikon\/wp-json\/wp\/v2\/product\/23338","targetHints":{"allow":["GET"]}}],"collection":[{"href":"https:\/\/uj.adatbank.ro\/lexikon\/wp-json\/wp\/v2\/product"}],"about":[{"href":"https:\/\/uj.adatbank.ro\/lexikon\/wp-json\/wp\/v2\/types\/product"}],"replies":[{"embeddable":true,"href":"https:\/\/uj.adatbank.ro\/lexikon\/wp-json\/wp\/v2\/comments?post=23338"}],"wp:attachment":[{"href":"https:\/\/uj.adatbank.ro\/lexikon\/wp-json\/wp\/v2\/media?parent=23338"}],"wp:term":[{"taxonomy":"product_brand","embeddable":true,"href":"https:\/\/uj.adatbank.ro\/lexikon\/wp-json\/wp\/v2\/product_brand?post=23338"},{"taxonomy":"product_cat","embeddable":true,"href":"https:\/\/uj.adatbank.ro\/lexikon\/wp-json\/wp\/v2\/product_cat?post=23338"},{"taxonomy":"product_tag","embeddable":true,"href":"https:\/\/uj.adatbank.ro\/lexikon\/wp-json\/wp\/v2\/product_tag?post=23338"}],"curies":[{"name":"wp","href":"https:\/\/api.w.org\/{rel}","templated":true}]}}