{"id":23339,"date":"2025-08-01T17:23:23","date_gmt":"2025-08-01T15:23:23","guid":{"rendered":"https:\/\/uj.adatbank.ro\/lexikon\/termek\/tompa-gyula\/"},"modified":"2025-08-01T17:23:23","modified_gmt":"2025-08-01T15:23:23","slug":"tompa-gyula","status":"publish","type":"product","link":"https:\/\/uj.adatbank.ro\/lexikon\/termek\/tompa-gyula\/","title":{"rendered":"TOMPA Gyula"},"content":{"rendered":"<p>1849? \u2020 Mv., 1885. aug. 20.: kir. k\u00f6zjegyz\u0151. \u2013 Testv\u00e9rei: T. K\u00e1rolyn\u00e9; T. Etelka Tompa Mikl\u00f3sn\u00e9; T. S\u00e1ndor; T. Vince; T. Berta \u00e9s T. G\u00e1bor cs. kir. f\u0151hadnagy. Feles\u00e9ge: K\u00f6nigshuldeni Frendel Gyul\u00e1nka. Gyermekeik: Gyul\u00e1nka, Alice, Berta. \u2013 A mv.-i Tornaegyes\u00fclet alap\u00edt\u00f3 tagja, a v\u00edv\u00f3oszt\u00e1ly fel\u00fcgyel\u0151je volt (1884\u2013). Az EMKE mv.-i v\u00e1rosi v\u00e1lasztm\u00e1ny\u00e1nak alap\u00edt\u00f3tagja (1885). <br \/><strong>\u2013 Irod.:<\/strong> Gy\u00e1szjelent\u0151; S\u00e1ndor; Sikl\u00f3ssy.<\/br><\/p>\n","protected":false},"excerpt":{"rendered":"<p>1849? \u2020 Mv., 1885. aug. 20.: kir. k\u00f6zjegyz\u0151. \u2013 Testv\u00e9rei: T. K\u00e1rolyn\u00e9; T. Etelka Tompa Mikl\u00f3sn\u00e9; T. S\u00e1ndor; T. Vince; T. Berta \u00e9s T. G\u00e1bor cs. kir. f\u0151hadnagy. Feles\u00e9ge: K\u00f6nigshuldeni Frendel Gyul\u00e1nka. Gyermekeik: Gyul\u00e1nka, Alice, Berta. \u2013 A mv.-i Tornaegyes\u00fclet alap\u00edt\u00f3 tagja, a v\u00edv\u00f3oszt\u00e1ly fel\u00fcgyel\u0151je volt (1884\u2013). Az EMKE mv.-i v\u00e1rosi v\u00e1lasztm\u00e1ny\u00e1nak alap\u00edt\u00f3tagja (1885). \u2013 [&hellip;]<\/p>\n","protected":false},"featured_media":0,"comment_status":"open","ping_status":"closed","template":"","meta":[],"product_brand":[],"product_cat":[137],"product_tag":[],"class_list":{"0":"post-23339","1":"product","2":"type-product","3":"status-publish","5":"product_cat-maros-megyei-eletrajzi-lexikon","7":"first","8":"instock","9":"shipping-taxable","10":"product-type-simple"},"_links":{"self":[{"href":"https:\/\/uj.adatbank.ro\/lexikon\/wp-json\/wp\/v2\/product\/23339","targetHints":{"allow":["GET"]}}],"collection":[{"href":"https:\/\/uj.adatbank.ro\/lexikon\/wp-json\/wp\/v2\/product"}],"about":[{"href":"https:\/\/uj.adatbank.ro\/lexikon\/wp-json\/wp\/v2\/types\/product"}],"replies":[{"embeddable":true,"href":"https:\/\/uj.adatbank.ro\/lexikon\/wp-json\/wp\/v2\/comments?post=23339"}],"wp:attachment":[{"href":"https:\/\/uj.adatbank.ro\/lexikon\/wp-json\/wp\/v2\/media?parent=23339"}],"wp:term":[{"taxonomy":"product_brand","embeddable":true,"href":"https:\/\/uj.adatbank.ro\/lexikon\/wp-json\/wp\/v2\/product_brand?post=23339"},{"taxonomy":"product_cat","embeddable":true,"href":"https:\/\/uj.adatbank.ro\/lexikon\/wp-json\/wp\/v2\/product_cat?post=23339"},{"taxonomy":"product_tag","embeddable":true,"href":"https:\/\/uj.adatbank.ro\/lexikon\/wp-json\/wp\/v2\/product_tag?post=23339"}],"curies":[{"name":"wp","href":"https:\/\/api.w.org\/{rel}","templated":true}]}}