{"id":23340,"date":"2025-08-01T17:23:25","date_gmt":"2025-08-01T15:23:25","guid":{"rendered":"https:\/\/uj.adatbank.ro\/lexikon\/termek\/tompa-gyula-2\/"},"modified":"2025-08-01T17:23:25","modified_gmt":"2025-08-01T15:23:25","slug":"tompa-gyula-2","status":"publish","type":"product","link":"https:\/\/uj.adatbank.ro\/lexikon\/termek\/tompa-gyula-2\/","title":{"rendered":"TOMPA Gyula"},"content":{"rendered":"<p>? \u2020 ?: \u00e9p\u00edt\u0151mester. Mv.-en h\u00e1zat \u00e9p\u00edtett Kacs\u00f3 Rebeka r\u00e9sz\u00e9re (Horea u. 7. sz; 1923); Brozer J\u00e1nos, sz\u00edjgy\u00e1rt\u00f3 r\u00e9sz\u00e9re (Gy\u00f6ngyvir\u00e1g u. 3. sz.; 1924), amit k\u00e9s\u0151bb lebontottak, \u00e9s nagyobbat \u00e9p\u00edtettek helyette; ugyancsak \u0151 tervezte \u00e9s \u00e9p\u00edtette a Nagy S\u00e1ndor h\u00e1z\u00e1t (Az\u00far u.; 1932); a Sz\u00e1sz Lajos d\u00edszes h\u00e1z\u00e1t (Mez\u0151 u. 29. sz.; 1928). <br \/><strong>\u2013 Irod.:<\/strong> Man: Tg. M., 3.<\/br><\/p>\n","protected":false},"excerpt":{"rendered":"<p>? \u2020 ?: \u00e9p\u00edt\u0151mester. Mv.-en h\u00e1zat \u00e9p\u00edtett Kacs\u00f3 Rebeka r\u00e9sz\u00e9re (Horea u. 7. sz; 1923); Brozer J\u00e1nos, sz\u00edjgy\u00e1rt\u00f3 r\u00e9sz\u00e9re (Gy\u00f6ngyvir\u00e1g u. 3. sz.; 1924), amit k\u00e9s\u0151bb lebontottak, \u00e9s nagyobbat \u00e9p\u00edtettek helyette; ugyancsak \u0151 tervezte \u00e9s \u00e9p\u00edtette a Nagy S\u00e1ndor h\u00e1z\u00e1t (Az\u00far u.; 1932); a Sz\u00e1sz Lajos d\u00edszes h\u00e1z\u00e1t (Mez\u0151 u. 29. sz.; 1928). \u2013 Irod.: [&hellip;]<\/p>\n","protected":false},"featured_media":0,"comment_status":"open","ping_status":"closed","template":"","meta":[],"product_brand":[],"product_cat":[137],"product_tag":[],"class_list":{"0":"post-23340","1":"product","2":"type-product","3":"status-publish","5":"product_cat-maros-megyei-eletrajzi-lexikon","7":"first","8":"instock","9":"shipping-taxable","10":"product-type-simple"},"_links":{"self":[{"href":"https:\/\/uj.adatbank.ro\/lexikon\/wp-json\/wp\/v2\/product\/23340","targetHints":{"allow":["GET"]}}],"collection":[{"href":"https:\/\/uj.adatbank.ro\/lexikon\/wp-json\/wp\/v2\/product"}],"about":[{"href":"https:\/\/uj.adatbank.ro\/lexikon\/wp-json\/wp\/v2\/types\/product"}],"replies":[{"embeddable":true,"href":"https:\/\/uj.adatbank.ro\/lexikon\/wp-json\/wp\/v2\/comments?post=23340"}],"wp:attachment":[{"href":"https:\/\/uj.adatbank.ro\/lexikon\/wp-json\/wp\/v2\/media?parent=23340"}],"wp:term":[{"taxonomy":"product_brand","embeddable":true,"href":"https:\/\/uj.adatbank.ro\/lexikon\/wp-json\/wp\/v2\/product_brand?post=23340"},{"taxonomy":"product_cat","embeddable":true,"href":"https:\/\/uj.adatbank.ro\/lexikon\/wp-json\/wp\/v2\/product_cat?post=23340"},{"taxonomy":"product_tag","embeddable":true,"href":"https:\/\/uj.adatbank.ro\/lexikon\/wp-json\/wp\/v2\/product_tag?post=23340"}],"curies":[{"name":"wp","href":"https:\/\/api.w.org\/{rel}","templated":true}]}}