{"id":23341,"date":"2025-08-01T17:23:28","date_gmt":"2025-08-01T15:23:28","guid":{"rendered":"https:\/\/uj.adatbank.ro\/lexikon\/termek\/tompa-istvan\/"},"modified":"2025-08-01T17:23:28","modified_gmt":"2025-08-01T15:23:28","slug":"tompa-istvan","status":"publish","type":"product","link":"https:\/\/uj.adatbank.ro\/lexikon\/termek\/tompa-istvan\/","title":{"rendered":"TOMPA Istv\u00e1n"},"content":{"rendered":"<p>? \u2020 ?: B\u00e1thori Istv\u00e1n a P\u00f3kaiakt\u00f3l elvett Abaf\u00e1j\u00e1t T.I.-nak adta (1578). <br \/><strong>\u2013 Irod.:<\/strong> Abaf\u00e1ja.<\/br><\/p>\n","protected":false},"excerpt":{"rendered":"<p>? \u2020 ?: B\u00e1thori Istv\u00e1n a P\u00f3kaiakt\u00f3l elvett Abaf\u00e1j\u00e1t T.I.-nak adta (1578). \u2013 Irod.: Abaf\u00e1ja.<\/p>\n","protected":false},"featured_media":0,"comment_status":"open","ping_status":"closed","template":"","meta":[],"product_brand":[],"product_cat":[137],"product_tag":[],"class_list":{"0":"post-23341","1":"product","2":"type-product","3":"status-publish","5":"product_cat-maros-megyei-eletrajzi-lexikon","7":"first","8":"instock","9":"shipping-taxable","10":"product-type-simple"},"_links":{"self":[{"href":"https:\/\/uj.adatbank.ro\/lexikon\/wp-json\/wp\/v2\/product\/23341","targetHints":{"allow":["GET"]}}],"collection":[{"href":"https:\/\/uj.adatbank.ro\/lexikon\/wp-json\/wp\/v2\/product"}],"about":[{"href":"https:\/\/uj.adatbank.ro\/lexikon\/wp-json\/wp\/v2\/types\/product"}],"replies":[{"embeddable":true,"href":"https:\/\/uj.adatbank.ro\/lexikon\/wp-json\/wp\/v2\/comments?post=23341"}],"wp:attachment":[{"href":"https:\/\/uj.adatbank.ro\/lexikon\/wp-json\/wp\/v2\/media?parent=23341"}],"wp:term":[{"taxonomy":"product_brand","embeddable":true,"href":"https:\/\/uj.adatbank.ro\/lexikon\/wp-json\/wp\/v2\/product_brand?post=23341"},{"taxonomy":"product_cat","embeddable":true,"href":"https:\/\/uj.adatbank.ro\/lexikon\/wp-json\/wp\/v2\/product_cat?post=23341"},{"taxonomy":"product_tag","embeddable":true,"href":"https:\/\/uj.adatbank.ro\/lexikon\/wp-json\/wp\/v2\/product_tag?post=23341"}],"curies":[{"name":"wp","href":"https:\/\/api.w.org\/{rel}","templated":true}]}}