{"id":23343,"date":"2025-08-01T17:23:33","date_gmt":"2025-08-01T15:23:33","guid":{"rendered":"https:\/\/uj.adatbank.ro\/lexikon\/termek\/tompa-janos-kisborosnyai\/"},"modified":"2025-08-01T17:23:33","modified_gmt":"2025-08-01T15:23:33","slug":"tompa-janos-kisborosnyai","status":"publish","type":"product","link":"https:\/\/uj.adatbank.ro\/lexikon\/termek\/tompa-janos-kisborosnyai\/","title":{"rendered":"TOMPA J\u00e1nos, kisborosnyai"},"content":{"rendered":"<p>Mv., 1814. m\u00e1rc. 6., \u2020 Kv., 1885. jan. 6., a H\u00e1zsong\u00e1rdi temet\u0151ben nyugszik: m\u00e9rn\u00f6k. \u2013 Tanult Nagyenyeden (1831\u2013); B\u00e9csben a m\u0171egyetemen (1839\u201341). Az 1848\u201349-es szabads\u00e1gharcban honv\u00e9d t\u00fcz\u00e9rsz\u00e1zadosi rangban vett r\u00e9szt. Kv. v\u00e1rosi f\u0151m\u00e9rn\u00f6ke volt. <br \/><strong>\u2013 Irod.:<\/strong> H\u00e1zsong\u00e1rd; Szab\u00f3\u2013Sz\u00f6gi.<\/br><\/p>\n","protected":false},"excerpt":{"rendered":"<p>Mv., 1814. m\u00e1rc. 6., \u2020 Kv., 1885. jan. 6., a H\u00e1zsong\u00e1rdi temet\u0151ben nyugszik: m\u00e9rn\u00f6k. \u2013 Tanult Nagyenyeden (1831\u2013); B\u00e9csben a m\u0171egyetemen (1839\u201341). Az 1848\u201349-es szabads\u00e1gharcban honv\u00e9d t\u00fcz\u00e9rsz\u00e1zadosi rangban vett r\u00e9szt. Kv. v\u00e1rosi f\u0151m\u00e9rn\u00f6ke volt. \u2013 Irod.: H\u00e1zsong\u00e1rd; Szab\u00f3\u2013Sz\u00f6gi.<\/p>\n","protected":false},"featured_media":0,"comment_status":"open","ping_status":"closed","template":"","meta":[],"product_brand":[],"product_cat":[137],"product_tag":[],"class_list":{"0":"post-23343","1":"product","2":"type-product","3":"status-publish","5":"product_cat-maros-megyei-eletrajzi-lexikon","7":"first","8":"instock","9":"shipping-taxable","10":"product-type-simple"},"_links":{"self":[{"href":"https:\/\/uj.adatbank.ro\/lexikon\/wp-json\/wp\/v2\/product\/23343","targetHints":{"allow":["GET"]}}],"collection":[{"href":"https:\/\/uj.adatbank.ro\/lexikon\/wp-json\/wp\/v2\/product"}],"about":[{"href":"https:\/\/uj.adatbank.ro\/lexikon\/wp-json\/wp\/v2\/types\/product"}],"replies":[{"embeddable":true,"href":"https:\/\/uj.adatbank.ro\/lexikon\/wp-json\/wp\/v2\/comments?post=23343"}],"wp:attachment":[{"href":"https:\/\/uj.adatbank.ro\/lexikon\/wp-json\/wp\/v2\/media?parent=23343"}],"wp:term":[{"taxonomy":"product_brand","embeddable":true,"href":"https:\/\/uj.adatbank.ro\/lexikon\/wp-json\/wp\/v2\/product_brand?post=23343"},{"taxonomy":"product_cat","embeddable":true,"href":"https:\/\/uj.adatbank.ro\/lexikon\/wp-json\/wp\/v2\/product_cat?post=23343"},{"taxonomy":"product_tag","embeddable":true,"href":"https:\/\/uj.adatbank.ro\/lexikon\/wp-json\/wp\/v2\/product_tag?post=23343"}],"curies":[{"name":"wp","href":"https:\/\/api.w.org\/{rel}","templated":true}]}}