{"id":23345,"date":"2025-08-01T17:23:36","date_gmt":"2025-08-01T15:23:36","guid":{"rendered":"https:\/\/uj.adatbank.ro\/lexikon\/termek\/tompa-magda\/"},"modified":"2025-08-01T17:23:36","modified_gmt":"2025-08-01T15:23:36","slug":"tompa-magda","status":"publish","type":"product","link":"https:\/\/uj.adatbank.ro\/lexikon\/termek\/tompa-magda\/","title":{"rendered":"TOMPA Magda"},"content":{"rendered":"<p>? \u2020 ?: sz\u00edn\u00e9sz \u2013 A mv.-i Sz\u00e9kely Sz\u00ednh\u00e1z tagja (1949-.) \u2013 <strong>F. sz.:<\/strong> Masa, tan\u00edt\u00f3n\u0151 (Gorkij: Kispolg\u00e1rok), Nadesda Ivanovna (Szergej Mihalkov: A v\u00f6r\u00f6s nyakkend\u0151, 1950); Vid\u00e1m ny\u00e1ri m\u0171sor (1950). <br \/><strong>\u2013 Irod.:<\/strong> Horv\u00e1th Bea; Kov\u00e1cs Levente.<\/br><\/p>\n","protected":false},"excerpt":{"rendered":"<p>? \u2020 ?: sz\u00edn\u00e9sz \u2013 A mv.-i Sz\u00e9kely Sz\u00ednh\u00e1z tagja (1949-.) \u2013 F. sz.: Masa, tan\u00edt\u00f3n\u0151 (Gorkij: Kispolg\u00e1rok), Nadesda Ivanovna (Szergej Mihalkov: A v\u00f6r\u00f6s nyakkend\u0151, 1950); Vid\u00e1m ny\u00e1ri m\u0171sor (1950). \u2013 Irod.: Horv\u00e1th Bea; Kov\u00e1cs Levente.<\/p>\n","protected":false},"featured_media":0,"comment_status":"open","ping_status":"closed","template":"","meta":[],"product_brand":[],"product_cat":[137],"product_tag":[],"class_list":{"0":"post-23345","1":"product","2":"type-product","3":"status-publish","5":"product_cat-maros-megyei-eletrajzi-lexikon","7":"first","8":"instock","9":"shipping-taxable","10":"product-type-simple"},"_links":{"self":[{"href":"https:\/\/uj.adatbank.ro\/lexikon\/wp-json\/wp\/v2\/product\/23345","targetHints":{"allow":["GET"]}}],"collection":[{"href":"https:\/\/uj.adatbank.ro\/lexikon\/wp-json\/wp\/v2\/product"}],"about":[{"href":"https:\/\/uj.adatbank.ro\/lexikon\/wp-json\/wp\/v2\/types\/product"}],"replies":[{"embeddable":true,"href":"https:\/\/uj.adatbank.ro\/lexikon\/wp-json\/wp\/v2\/comments?post=23345"}],"wp:attachment":[{"href":"https:\/\/uj.adatbank.ro\/lexikon\/wp-json\/wp\/v2\/media?parent=23345"}],"wp:term":[{"taxonomy":"product_brand","embeddable":true,"href":"https:\/\/uj.adatbank.ro\/lexikon\/wp-json\/wp\/v2\/product_brand?post=23345"},{"taxonomy":"product_cat","embeddable":true,"href":"https:\/\/uj.adatbank.ro\/lexikon\/wp-json\/wp\/v2\/product_cat?post=23345"},{"taxonomy":"product_tag","embeddable":true,"href":"https:\/\/uj.adatbank.ro\/lexikon\/wp-json\/wp\/v2\/product_tag?post=23345"}],"curies":[{"name":"wp","href":"https:\/\/api.w.org\/{rel}","templated":true}]}}