{"id":23350,"date":"2025-08-01T17:23:49","date_gmt":"2025-08-01T15:23:49","guid":{"rendered":"https:\/\/uj.adatbank.ro\/lexikon\/termek\/tompos-imre-emericus-istvan-r-p\/"},"modified":"2025-08-01T17:23:49","modified_gmt":"2025-08-01T15:23:49","slug":"tompos-imre-emericus-istvan-r-p","status":"publish","type":"product","link":"https:\/\/uj.adatbank.ro\/lexikon\/termek\/tompos-imre-emericus-istvan-r-p\/","title":{"rendered":"TOMPOS Imre, Emericus, Istv\u00e1n, R. P."},"content":{"rendered":"<p>Cs\u00edkszentgy\u00f6rgy, 1721.\u2020 Mv., 1784. okt. 24. A mv.-i ferences bar\u00e1tok egykori temploma alatt l\u00e9v\u0151 kript\u00e1ban nyugszik: ferences szerzetes. \u2013 Be\u00f6lt\u00f6z\u00f6tt (1741. okt. 1.), felszentelt\u00e9k (1745). Definitor (1783\u201384). <br \/><strong>\u2013 Irod.:<\/strong> Gy\u00f6rgy: A ferencrendiek; Mv.-i \u00f6rm\u00e9nyek; Pantheon.<\/br><\/p>\n","protected":false},"excerpt":{"rendered":"<p>Cs\u00edkszentgy\u00f6rgy, 1721.\u2020 Mv., 1784. okt. 24. A mv.-i ferences bar\u00e1tok egykori temploma alatt l\u00e9v\u0151 kript\u00e1ban nyugszik: ferences szerzetes. \u2013 Be\u00f6lt\u00f6z\u00f6tt (1741. okt. 1.), felszentelt\u00e9k (1745). Definitor (1783\u201384). \u2013 Irod.: Gy\u00f6rgy: A ferencrendiek; Mv.-i \u00f6rm\u00e9nyek; Pantheon.<\/p>\n","protected":false},"featured_media":0,"comment_status":"open","ping_status":"closed","template":"","meta":[],"product_brand":[],"product_cat":[137],"product_tag":[],"class_list":{"0":"post-23350","1":"product","2":"type-product","3":"status-publish","5":"product_cat-maros-megyei-eletrajzi-lexikon","7":"first","8":"instock","9":"shipping-taxable","10":"product-type-simple"},"_links":{"self":[{"href":"https:\/\/uj.adatbank.ro\/lexikon\/wp-json\/wp\/v2\/product\/23350","targetHints":{"allow":["GET"]}}],"collection":[{"href":"https:\/\/uj.adatbank.ro\/lexikon\/wp-json\/wp\/v2\/product"}],"about":[{"href":"https:\/\/uj.adatbank.ro\/lexikon\/wp-json\/wp\/v2\/types\/product"}],"replies":[{"embeddable":true,"href":"https:\/\/uj.adatbank.ro\/lexikon\/wp-json\/wp\/v2\/comments?post=23350"}],"wp:attachment":[{"href":"https:\/\/uj.adatbank.ro\/lexikon\/wp-json\/wp\/v2\/media?parent=23350"}],"wp:term":[{"taxonomy":"product_brand","embeddable":true,"href":"https:\/\/uj.adatbank.ro\/lexikon\/wp-json\/wp\/v2\/product_brand?post=23350"},{"taxonomy":"product_cat","embeddable":true,"href":"https:\/\/uj.adatbank.ro\/lexikon\/wp-json\/wp\/v2\/product_cat?post=23350"},{"taxonomy":"product_tag","embeddable":true,"href":"https:\/\/uj.adatbank.ro\/lexikon\/wp-json\/wp\/v2\/product_tag?post=23350"}],"curies":[{"name":"wp","href":"https:\/\/api.w.org\/{rel}","templated":true}]}}