{"id":23351,"date":"2025-08-01T17:23:52","date_gmt":"2025-08-01T15:23:52","guid":{"rendered":"https:\/\/uj.adatbank.ro\/lexikon\/termek\/tompos-janos-csikszentgyorgyi\/"},"modified":"2025-08-01T17:23:52","modified_gmt":"2025-08-01T15:23:52","slug":"tompos-janos-csikszentgyorgyi","status":"publish","type":"product","link":"https:\/\/uj.adatbank.ro\/lexikon\/termek\/tompos-janos-csikszentgyorgyi\/","title":{"rendered":"TOMPOS J\u00e1nos, cs\u00edkszentgy\u00f6rgyi"},"content":{"rendered":"<p>? \u2020 ?: adom\u00e1nyoz\u00f3. \u2013 \u0150 \u00e9s feles\u00e9ge h\u00e1romezer forintot adott nyolc rokon tanul\u00f3 ell\u00e1t\u00e1s\u00e1ra a mv.-i r. Kat. Gimn\u00e1ziumnak ((1781). <br \/><strong>\u2013 Irod.:<\/strong> P\u00e1l-Antal 2009.<\/br><\/p>\n","protected":false},"excerpt":{"rendered":"<p>? \u2020 ?: adom\u00e1nyoz\u00f3. \u2013 \u0150 \u00e9s feles\u00e9ge h\u00e1romezer forintot adott nyolc rokon tanul\u00f3 ell\u00e1t\u00e1s\u00e1ra a mv.-i r. Kat. Gimn\u00e1ziumnak ((1781). \u2013 Irod.: P\u00e1l-Antal 2009.<\/p>\n","protected":false},"featured_media":0,"comment_status":"open","ping_status":"closed","template":"","meta":[],"product_brand":[],"product_cat":[137],"product_tag":[],"class_list":{"0":"post-23351","1":"product","2":"type-product","3":"status-publish","5":"product_cat-maros-megyei-eletrajzi-lexikon","7":"first","8":"instock","9":"shipping-taxable","10":"product-type-simple"},"_links":{"self":[{"href":"https:\/\/uj.adatbank.ro\/lexikon\/wp-json\/wp\/v2\/product\/23351","targetHints":{"allow":["GET"]}}],"collection":[{"href":"https:\/\/uj.adatbank.ro\/lexikon\/wp-json\/wp\/v2\/product"}],"about":[{"href":"https:\/\/uj.adatbank.ro\/lexikon\/wp-json\/wp\/v2\/types\/product"}],"replies":[{"embeddable":true,"href":"https:\/\/uj.adatbank.ro\/lexikon\/wp-json\/wp\/v2\/comments?post=23351"}],"wp:attachment":[{"href":"https:\/\/uj.adatbank.ro\/lexikon\/wp-json\/wp\/v2\/media?parent=23351"}],"wp:term":[{"taxonomy":"product_brand","embeddable":true,"href":"https:\/\/uj.adatbank.ro\/lexikon\/wp-json\/wp\/v2\/product_brand?post=23351"},{"taxonomy":"product_cat","embeddable":true,"href":"https:\/\/uj.adatbank.ro\/lexikon\/wp-json\/wp\/v2\/product_cat?post=23351"},{"taxonomy":"product_tag","embeddable":true,"href":"https:\/\/uj.adatbank.ro\/lexikon\/wp-json\/wp\/v2\/product_tag?post=23351"}],"curies":[{"name":"wp","href":"https:\/\/api.w.org\/{rel}","templated":true}]}}