{"id":23352,"date":"2025-08-01T17:23:55","date_gmt":"2025-08-01T15:23:55","guid":{"rendered":"https:\/\/uj.adatbank.ro\/lexikon\/termek\/tompos-peter-antal\/"},"modified":"2025-08-01T17:23:55","modified_gmt":"2025-08-01T15:23:55","slug":"tompos-peter-antal","status":"publish","type":"product","link":"https:\/\/uj.adatbank.ro\/lexikon\/termek\/tompos-peter-antal\/","title":{"rendered":"TOMPOS P\u00e9ter Antal"},"content":{"rendered":"<p>? \u2020 1777. aug. 8. v. szept. 8.: r. k. pap. \u2013 Kv.-on a Jezsuita Gimn\u00e1zium \u00e9s Akad.-n \u00e9s Nagyszombaton (1756\u201359) tanult. Pl\u00e9b\u00e1nos Abosfalv\u00e1n (1760\u201362), Kozm\u00e1son \u00e9s ker\u00fcleti jegyz\u0151. <br \/><strong>\u2013 Irod.:<\/strong> Ferenczi S\u00e1ndor 2009.<\/br><\/p>\n","protected":false},"excerpt":{"rendered":"<p>? \u2020 1777. aug. 8. v. szept. 8.: r. k. pap. \u2013 Kv.-on a Jezsuita Gimn\u00e1zium \u00e9s Akad.-n \u00e9s Nagyszombaton (1756\u201359) tanult. Pl\u00e9b\u00e1nos Abosfalv\u00e1n (1760\u201362), Kozm\u00e1son \u00e9s ker\u00fcleti jegyz\u0151. \u2013 Irod.: Ferenczi S\u00e1ndor 2009.<\/p>\n","protected":false},"featured_media":0,"comment_status":"open","ping_status":"closed","template":"","meta":[],"product_brand":[],"product_cat":[137],"product_tag":[],"class_list":{"0":"post-23352","1":"product","2":"type-product","3":"status-publish","5":"product_cat-maros-megyei-eletrajzi-lexikon","7":"first","8":"instock","9":"shipping-taxable","10":"product-type-simple"},"_links":{"self":[{"href":"https:\/\/uj.adatbank.ro\/lexikon\/wp-json\/wp\/v2\/product\/23352","targetHints":{"allow":["GET"]}}],"collection":[{"href":"https:\/\/uj.adatbank.ro\/lexikon\/wp-json\/wp\/v2\/product"}],"about":[{"href":"https:\/\/uj.adatbank.ro\/lexikon\/wp-json\/wp\/v2\/types\/product"}],"replies":[{"embeddable":true,"href":"https:\/\/uj.adatbank.ro\/lexikon\/wp-json\/wp\/v2\/comments?post=23352"}],"wp:attachment":[{"href":"https:\/\/uj.adatbank.ro\/lexikon\/wp-json\/wp\/v2\/media?parent=23352"}],"wp:term":[{"taxonomy":"product_brand","embeddable":true,"href":"https:\/\/uj.adatbank.ro\/lexikon\/wp-json\/wp\/v2\/product_brand?post=23352"},{"taxonomy":"product_cat","embeddable":true,"href":"https:\/\/uj.adatbank.ro\/lexikon\/wp-json\/wp\/v2\/product_cat?post=23352"},{"taxonomy":"product_tag","embeddable":true,"href":"https:\/\/uj.adatbank.ro\/lexikon\/wp-json\/wp\/v2\/product_tag?post=23352"}],"curies":[{"name":"wp","href":"https:\/\/api.w.org\/{rel}","templated":true}]}}