{"id":23353,"date":"2025-08-01T17:23:57","date_gmt":"2025-08-01T15:23:57","guid":{"rendered":"https:\/\/uj.adatbank.ro\/lexikon\/termek\/tomsa-mihai-%c2%a7-mihail-tomsa\/"},"modified":"2025-08-01T17:23:57","modified_gmt":"2025-08-01T15:23:57","slug":"tomsa-mihai-%c2%a7-mihail-tomsa","status":"publish","type":"product","link":"https:\/\/uj.adatbank.ro\/lexikon\/termek\/tomsa-mihai-%c2%a7-mihail-tomsa\/","title":{"rendered":"TOM\u015eA, Mihai, \u00a7 Mihail Tom\u015fa"},"content":{"rendered":"<p>Idecspatak, 1907. nov. 21., \u2020 1991.: tan\u00edt\u00f3. \u2013 Elemi iskol\u00e1t a sz\u00fcl\u0151faluban, Mv.-en az Al. Papiu Ilarian L\u00edc.-ban (1919\u201322), tan\u00edt\u00f3k\u00e9pz\u0151ben Kv.-on tanult. Egy \u00e9vig Nagyszederjesen, majd Idecspatakon tan\u00edtott. Ott jelent\u0151s n\u00e9pk\u00f6lt\u00e9szeti gy\u0171jt\u0151munk\u00e1t v\u00e9gzett, \u00e9s a Foaia Noastr\u0103 c. heti lapban k\u00f6z\u00f6lt. Als\u00f3r\u00e9p\u00e1ra, helyeztette mag\u00e1t, ahol \u00e9lete v\u00e9g\u00e9ig kis megszak\u00edt\u00e1sokkal dolgozott. \u00c9l\u00e9nk kultur\u00e1lis tev\u00e9kenys\u00e9get szervezett, \u00faj iskol\u00e1t \u00e9p\u00edttetett (1933), amely a M\u00e2ndrescu C. Simion nev\u00e9t vette fel. A helyi ifj\u00fas\u00e1gi szervezet, a K\u00e1rp\u00e1tok solymai (\u015eoimii Carpa\u0163ilor) kapit\u00e1nya. J\u00f3 bar\u00e1ts\u00e1gban volt V. Netea, O. Goga, dr. Eugen Nicoar\u0103, Ioan \u015eularu neves \u00e9rtelmis\u00e9giekkel. \u2013  <strong>F. m..:<\/strong> Monografia satului Idicel (1927); Oglinda unui sat de pe poalele C\u0103limanilor, R\u00e2pa de Jos \u2013 date monografice (?); <strong>k\u00e9zirata:<\/strong> Cronica de familie. <br \/><strong>\u2013 Irod.:<\/strong> Dasc\u0103li mure\u015feni, 2.; L\u0103dariu, L.: R\u00e2urile se \u00eentorc la izvoare (Buc., 1984); Netea: ASTRA.<\/br><\/p>\n","protected":false},"excerpt":{"rendered":"<p>Idecspatak, 1907. nov. 21., \u2020 1991.: tan\u00edt\u00f3. \u2013 Elemi iskol\u00e1t a sz\u00fcl\u0151faluban, Mv.-en az Al. Papiu Ilarian L\u00edc.-ban (1919\u201322), tan\u00edt\u00f3k\u00e9pz\u0151ben Kv.-on tanult. Egy \u00e9vig Nagyszederjesen, majd Idecspatakon tan\u00edtott. Ott jelent\u0151s n\u00e9pk\u00f6lt\u00e9szeti gy\u0171jt\u0151munk\u00e1t v\u00e9gzett, \u00e9s a Foaia Noastr\u0103 c. heti lapban k\u00f6z\u00f6lt. Als\u00f3r\u00e9p\u00e1ra, helyeztette mag\u00e1t, ahol \u00e9lete v\u00e9g\u00e9ig kis megszak\u00edt\u00e1sokkal dolgozott. \u00c9l\u00e9nk kultur\u00e1lis tev\u00e9kenys\u00e9get szervezett, \u00faj [&hellip;]<\/p>\n","protected":false},"featured_media":0,"comment_status":"open","ping_status":"closed","template":"","meta":[],"product_brand":[],"product_cat":[137],"product_tag":[],"class_list":{"0":"post-23353","1":"product","2":"type-product","3":"status-publish","5":"product_cat-maros-megyei-eletrajzi-lexikon","7":"first","8":"instock","9":"shipping-taxable","10":"product-type-simple"},"_links":{"self":[{"href":"https:\/\/uj.adatbank.ro\/lexikon\/wp-json\/wp\/v2\/product\/23353","targetHints":{"allow":["GET"]}}],"collection":[{"href":"https:\/\/uj.adatbank.ro\/lexikon\/wp-json\/wp\/v2\/product"}],"about":[{"href":"https:\/\/uj.adatbank.ro\/lexikon\/wp-json\/wp\/v2\/types\/product"}],"replies":[{"embeddable":true,"href":"https:\/\/uj.adatbank.ro\/lexikon\/wp-json\/wp\/v2\/comments?post=23353"}],"wp:attachment":[{"href":"https:\/\/uj.adatbank.ro\/lexikon\/wp-json\/wp\/v2\/media?parent=23353"}],"wp:term":[{"taxonomy":"product_brand","embeddable":true,"href":"https:\/\/uj.adatbank.ro\/lexikon\/wp-json\/wp\/v2\/product_brand?post=23353"},{"taxonomy":"product_cat","embeddable":true,"href":"https:\/\/uj.adatbank.ro\/lexikon\/wp-json\/wp\/v2\/product_cat?post=23353"},{"taxonomy":"product_tag","embeddable":true,"href":"https:\/\/uj.adatbank.ro\/lexikon\/wp-json\/wp\/v2\/product_tag?post=23353"}],"curies":[{"name":"wp","href":"https:\/\/api.w.org\/{rel}","templated":true}]}}