{"id":23354,"date":"2025-08-01T17:24:01","date_gmt":"2025-08-01T15:24:01","guid":{"rendered":"https:\/\/uj.adatbank.ro\/lexikon\/termek\/toncean-gherasim\/"},"modified":"2025-08-01T17:24:01","modified_gmt":"2025-08-01T15:24:01","slug":"toncean-gherasim","status":"publish","type":"product","link":"https:\/\/uj.adatbank.ro\/lexikon\/termek\/toncean-gherasim\/","title":{"rendered":"TONCEAN, Gherasim"},"content":{"rendered":"<p>? \u2020 ?: tan\u00edt\u00f3. \u2013 Teke\u00fajfaluban. Nasz\u00f3don a tan\u00edt\u00f3k\u00e9pz\u0151ben (Preparandie) szerzett tan\u00edt\u00f3i okl.-t (1862), \u00e9s Teke\u00fajfaluba helyezt\u00e9k, ahol \u00faj g. kat. iskol\u00e1t \u00e9p\u00edttetett; a faanyagot az iskol\u00e1hoz Ioan Pop Maior, a r\u00e9geni ASTRA eln\u00f6ke, P. Maior unoka\u00f6ccse adom\u00e1nyozta, \u00e9s 81 tanul\u00f3t tan\u00edtott benne (1863\u2013). Ezt az iskol\u00e1t b\u0151v\u00edtette a helyb\u00e9li Damian Alexandru, tan\u00edt\u00f3 (1898), amelyet I\u2013IV.oszt\u00e1lyos iskolak\u00e9nt haszn\u00e1ltak (1950-ig). <br \/><strong>\u2013 Irod.:<\/strong> Lunca.<\/br><\/p>\n","protected":false},"excerpt":{"rendered":"<p>? \u2020 ?: tan\u00edt\u00f3. \u2013 Teke\u00fajfaluban. Nasz\u00f3don a tan\u00edt\u00f3k\u00e9pz\u0151ben (Preparandie) szerzett tan\u00edt\u00f3i okl.-t (1862), \u00e9s Teke\u00fajfaluba helyezt\u00e9k, ahol \u00faj g. kat. iskol\u00e1t \u00e9p\u00edttetett; a faanyagot az iskol\u00e1hoz Ioan Pop Maior, a r\u00e9geni ASTRA eln\u00f6ke, P. Maior unoka\u00f6ccse adom\u00e1nyozta, \u00e9s 81 tanul\u00f3t tan\u00edtott benne (1863\u2013). Ezt az iskol\u00e1t b\u0151v\u00edtette a helyb\u00e9li Damian Alexandru, tan\u00edt\u00f3 (1898), amelyet [&hellip;]<\/p>\n","protected":false},"featured_media":0,"comment_status":"open","ping_status":"closed","template":"","meta":[],"product_brand":[],"product_cat":[137],"product_tag":[],"class_list":{"0":"post-23354","1":"product","2":"type-product","3":"status-publish","5":"product_cat-maros-megyei-eletrajzi-lexikon","7":"first","8":"instock","9":"shipping-taxable","10":"product-type-simple"},"_links":{"self":[{"href":"https:\/\/uj.adatbank.ro\/lexikon\/wp-json\/wp\/v2\/product\/23354","targetHints":{"allow":["GET"]}}],"collection":[{"href":"https:\/\/uj.adatbank.ro\/lexikon\/wp-json\/wp\/v2\/product"}],"about":[{"href":"https:\/\/uj.adatbank.ro\/lexikon\/wp-json\/wp\/v2\/types\/product"}],"replies":[{"embeddable":true,"href":"https:\/\/uj.adatbank.ro\/lexikon\/wp-json\/wp\/v2\/comments?post=23354"}],"wp:attachment":[{"href":"https:\/\/uj.adatbank.ro\/lexikon\/wp-json\/wp\/v2\/media?parent=23354"}],"wp:term":[{"taxonomy":"product_brand","embeddable":true,"href":"https:\/\/uj.adatbank.ro\/lexikon\/wp-json\/wp\/v2\/product_brand?post=23354"},{"taxonomy":"product_cat","embeddable":true,"href":"https:\/\/uj.adatbank.ro\/lexikon\/wp-json\/wp\/v2\/product_cat?post=23354"},{"taxonomy":"product_tag","embeddable":true,"href":"https:\/\/uj.adatbank.ro\/lexikon\/wp-json\/wp\/v2\/product_tag?post=23354"}],"curies":[{"name":"wp","href":"https:\/\/api.w.org\/{rel}","templated":true}]}}