{"id":23360,"date":"2025-08-01T17:24:15","date_gmt":"2025-08-01T15:24:15","guid":{"rendered":"https:\/\/uj.adatbank.ro\/lexikon\/termek\/topal-antal\/"},"modified":"2025-08-01T17:24:15","modified_gmt":"2025-08-01T15:24:15","slug":"topal-antal","status":"publish","type":"product","link":"https:\/\/uj.adatbank.ro\/lexikon\/termek\/topal-antal\/","title":{"rendered":"TOP\u00c1L Antal"},"content":{"rendered":"<p>Kib\u00e9d, 1897..\u2020 ?: katona. \u2013 Besorozt\u00e1k (1915). A m. kir. mv.-i 9. honv\u00e9d husz\u00e1rezred szakaszvezet\u0151je, a kit\u00fcntet\u00e9sre javasoltak n\u00e9vjegyz\u00e9k\u00e9n szerepel (1915). <br \/><strong>\u2013 Irod.:<\/strong> Koszta.<\/br><\/p>\n","protected":false},"excerpt":{"rendered":"<p>Kib\u00e9d, 1897..\u2020 ?: katona. \u2013 Besorozt\u00e1k (1915). A m. kir. mv.-i 9. honv\u00e9d husz\u00e1rezred szakaszvezet\u0151je, a kit\u00fcntet\u00e9sre javasoltak n\u00e9vjegyz\u00e9k\u00e9n szerepel (1915). \u2013 Irod.: Koszta.<\/p>\n","protected":false},"featured_media":0,"comment_status":"open","ping_status":"closed","template":"","meta":[],"product_brand":[],"product_cat":[137],"product_tag":[],"class_list":{"0":"post-23360","1":"product","2":"type-product","3":"status-publish","5":"product_cat-maros-megyei-eletrajzi-lexikon","7":"first","8":"instock","9":"shipping-taxable","10":"product-type-simple"},"_links":{"self":[{"href":"https:\/\/uj.adatbank.ro\/lexikon\/wp-json\/wp\/v2\/product\/23360","targetHints":{"allow":["GET"]}}],"collection":[{"href":"https:\/\/uj.adatbank.ro\/lexikon\/wp-json\/wp\/v2\/product"}],"about":[{"href":"https:\/\/uj.adatbank.ro\/lexikon\/wp-json\/wp\/v2\/types\/product"}],"replies":[{"embeddable":true,"href":"https:\/\/uj.adatbank.ro\/lexikon\/wp-json\/wp\/v2\/comments?post=23360"}],"wp:attachment":[{"href":"https:\/\/uj.adatbank.ro\/lexikon\/wp-json\/wp\/v2\/media?parent=23360"}],"wp:term":[{"taxonomy":"product_brand","embeddable":true,"href":"https:\/\/uj.adatbank.ro\/lexikon\/wp-json\/wp\/v2\/product_brand?post=23360"},{"taxonomy":"product_cat","embeddable":true,"href":"https:\/\/uj.adatbank.ro\/lexikon\/wp-json\/wp\/v2\/product_cat?post=23360"},{"taxonomy":"product_tag","embeddable":true,"href":"https:\/\/uj.adatbank.ro\/lexikon\/wp-json\/wp\/v2\/product_tag?post=23360"}],"curies":[{"name":"wp","href":"https:\/\/api.w.org\/{rel}","templated":true}]}}