{"id":23363,"date":"2025-08-01T17:24:24","date_gmt":"2025-08-01T15:24:24","guid":{"rendered":"https:\/\/uj.adatbank.ro\/lexikon\/termek\/topler-jozsef\/"},"modified":"2025-08-01T17:24:24","modified_gmt":"2025-08-01T15:24:24","slug":"topler-jozsef","status":"publish","type":"product","link":"https:\/\/uj.adatbank.ro\/lexikon\/termek\/topler-jozsef\/","title":{"rendered":"TOPLER J\u00f3zsef"},"content":{"rendered":"<p>Mv., 1820. febr. 16. \u2020 Mv., 1873. okt. 21.: orvos. \u2013 Mv.- en a rk. gimn\u00e1ziumban tanult; Antal L\u00e1szl\u00f3 v\u00e1rosi f\u0151orvos mellett m\u0171k\u00f6d\u00f6tt, mint v\u00e1rosi alorvos. A mv.-i Schwarzenberg K\u00e1roly hercegr\u0151l elnevezett orsz\u00e1gos \u00e1ltal\u00e1nos k\u00f6zk\u00f3rh\u00e1z m\u00e1sodorvosa Kn\u00f6pfler Vilmos mellett (1867). A katolikus tan\u00fcgy lelkes t\u00e1mogat\u00f3ja, a v\u00e1rosi k\u00f6z\u00fcgyek r\u00e9sztvev\u0151je. <br \/><strong>\u2013 Irod.:<\/strong> Kr\u00f3n. F\u00fcz. (1939. 4\/4); Pataki D\u00e1niel: Erd\u00e9lyorsz\u00e1g k\u00f3rh\u00e1zai az 1867-ik \u00e9vben (klny.; Kv., 1868).<\/br><\/p>\n","protected":false},"excerpt":{"rendered":"<p>Mv., 1820. febr. 16. \u2020 Mv., 1873. okt. 21.: orvos. \u2013 Mv.- en a rk. gimn\u00e1ziumban tanult; Antal L\u00e1szl\u00f3 v\u00e1rosi f\u0151orvos mellett m\u0171k\u00f6d\u00f6tt, mint v\u00e1rosi alorvos. A mv.-i Schwarzenberg K\u00e1roly hercegr\u0151l elnevezett orsz\u00e1gos \u00e1ltal\u00e1nos k\u00f6zk\u00f3rh\u00e1z m\u00e1sodorvosa Kn\u00f6pfler Vilmos mellett (1867). A katolikus tan\u00fcgy lelkes t\u00e1mogat\u00f3ja, a v\u00e1rosi k\u00f6z\u00fcgyek r\u00e9sztvev\u0151je. \u2013 Irod.: Kr\u00f3n. F\u00fcz. (1939. 4\/4); [&hellip;]<\/p>\n","protected":false},"featured_media":0,"comment_status":"open","ping_status":"closed","template":"","meta":[],"product_brand":[],"product_cat":[137],"product_tag":[],"class_list":{"0":"post-23363","1":"product","2":"type-product","3":"status-publish","5":"product_cat-maros-megyei-eletrajzi-lexikon","7":"first","8":"instock","9":"shipping-taxable","10":"product-type-simple"},"_links":{"self":[{"href":"https:\/\/uj.adatbank.ro\/lexikon\/wp-json\/wp\/v2\/product\/23363","targetHints":{"allow":["GET"]}}],"collection":[{"href":"https:\/\/uj.adatbank.ro\/lexikon\/wp-json\/wp\/v2\/product"}],"about":[{"href":"https:\/\/uj.adatbank.ro\/lexikon\/wp-json\/wp\/v2\/types\/product"}],"replies":[{"embeddable":true,"href":"https:\/\/uj.adatbank.ro\/lexikon\/wp-json\/wp\/v2\/comments?post=23363"}],"wp:attachment":[{"href":"https:\/\/uj.adatbank.ro\/lexikon\/wp-json\/wp\/v2\/media?parent=23363"}],"wp:term":[{"taxonomy":"product_brand","embeddable":true,"href":"https:\/\/uj.adatbank.ro\/lexikon\/wp-json\/wp\/v2\/product_brand?post=23363"},{"taxonomy":"product_cat","embeddable":true,"href":"https:\/\/uj.adatbank.ro\/lexikon\/wp-json\/wp\/v2\/product_cat?post=23363"},{"taxonomy":"product_tag","embeddable":true,"href":"https:\/\/uj.adatbank.ro\/lexikon\/wp-json\/wp\/v2\/product_tag?post=23363"}],"curies":[{"name":"wp","href":"https:\/\/api.w.org\/{rel}","templated":true}]}}