{"id":23365,"date":"2025-08-01T17:24:31","date_gmt":"2025-08-01T15:24:31","guid":{"rendered":"https:\/\/uj.adatbank.ro\/lexikon\/termek\/topor-laszlo\/"},"modified":"2025-08-01T17:24:31","modified_gmt":"2025-08-01T15:24:31","slug":"topor-laszlo","status":"publish","type":"product","link":"https:\/\/uj.adatbank.ro\/lexikon\/termek\/topor-laszlo\/","title":{"rendered":"TOPOR L\u00e1szl\u00f3"},"content":{"rendered":"<p>Vajdaszentiv\u00e1ny, 1889, \u2020 ?: \u2013 Nyug\u00e1llom\u00e1ny\u00fa t\u00f6rzs\u0151rmester, a m. kir. 62. gyalogezredben. Kit\u00fcntet\u00e9sei: OA, 01, 02, Kcsk, Seb\u00c9; vit\u00e9zi avat\u00e1sa: 1944. febr.28. <br \/><strong>\u2013 Irod.:<\/strong> Berekm\u00e9ri\u2013Nemes.<\/br><\/p>\n","protected":false},"excerpt":{"rendered":"<p>Vajdaszentiv\u00e1ny, 1889, \u2020 ?: \u2013 Nyug\u00e1llom\u00e1ny\u00fa t\u00f6rzs\u0151rmester, a m. kir. 62. gyalogezredben. Kit\u00fcntet\u00e9sei: OA, 01, 02, Kcsk, Seb\u00c9; vit\u00e9zi avat\u00e1sa: 1944. febr.28. \u2013 Irod.: Berekm\u00e9ri\u2013Nemes.<\/p>\n","protected":false},"featured_media":0,"comment_status":"open","ping_status":"closed","template":"","meta":[],"product_brand":[],"product_cat":[137],"product_tag":[],"class_list":{"0":"post-23365","1":"product","2":"type-product","3":"status-publish","5":"product_cat-maros-megyei-eletrajzi-lexikon","7":"first","8":"instock","9":"shipping-taxable","10":"product-type-simple"},"_links":{"self":[{"href":"https:\/\/uj.adatbank.ro\/lexikon\/wp-json\/wp\/v2\/product\/23365","targetHints":{"allow":["GET"]}}],"collection":[{"href":"https:\/\/uj.adatbank.ro\/lexikon\/wp-json\/wp\/v2\/product"}],"about":[{"href":"https:\/\/uj.adatbank.ro\/lexikon\/wp-json\/wp\/v2\/types\/product"}],"replies":[{"embeddable":true,"href":"https:\/\/uj.adatbank.ro\/lexikon\/wp-json\/wp\/v2\/comments?post=23365"}],"wp:attachment":[{"href":"https:\/\/uj.adatbank.ro\/lexikon\/wp-json\/wp\/v2\/media?parent=23365"}],"wp:term":[{"taxonomy":"product_brand","embeddable":true,"href":"https:\/\/uj.adatbank.ro\/lexikon\/wp-json\/wp\/v2\/product_brand?post=23365"},{"taxonomy":"product_cat","embeddable":true,"href":"https:\/\/uj.adatbank.ro\/lexikon\/wp-json\/wp\/v2\/product_cat?post=23365"},{"taxonomy":"product_tag","embeddable":true,"href":"https:\/\/uj.adatbank.ro\/lexikon\/wp-json\/wp\/v2\/product_tag?post=23365"}],"curies":[{"name":"wp","href":"https:\/\/api.w.org\/{rel}","templated":true}]}}