{"id":23371,"date":"2025-08-01T17:24:47","date_gmt":"2025-08-01T15:24:47","guid":{"rendered":"https:\/\/uj.adatbank.ro\/lexikon\/termek\/tordai-borbely-miklos\/"},"modified":"2025-08-01T17:24:47","modified_gmt":"2025-08-01T15:24:47","slug":"tordai-borbely-miklos","status":"publish","type":"product","link":"https:\/\/uj.adatbank.ro\/lexikon\/termek\/tordai-borbely-miklos\/","title":{"rendered":"TORDAI BORB\u00c9LY Mikl\u00f3s"},"content":{"rendered":"<p>? \u2020 ?: polg\u00e1r, a borb\u00e9lyc\u00e9h mestere. \u2013 A v\u00e1ros esk\u00fcdt polg\u00e1ra \u00e9s a borb\u00e9lyc\u00e9h mestere (1590), a v\u00e1ros valamennyi mestere nev\u00e9ben c\u00e9hszab\u00e1lyzatot terjeszt el\u0151, amit a b\u00edr\u00f3 j\u00f3v\u00e1hagyott <br \/><strong>\u2013 Irod.:<\/strong> Id\u0151t\u00e1r 1.<\/br><\/p>\n","protected":false},"excerpt":{"rendered":"<p>? \u2020 ?: polg\u00e1r, a borb\u00e9lyc\u00e9h mestere. \u2013 A v\u00e1ros esk\u00fcdt polg\u00e1ra \u00e9s a borb\u00e9lyc\u00e9h mestere (1590), a v\u00e1ros valamennyi mestere nev\u00e9ben c\u00e9hszab\u00e1lyzatot terjeszt el\u0151, amit a b\u00edr\u00f3 j\u00f3v\u00e1hagyott \u2013 Irod.: Id\u0151t\u00e1r 1.<\/p>\n","protected":false},"featured_media":0,"comment_status":"open","ping_status":"closed","template":"","meta":[],"product_brand":[],"product_cat":[137],"product_tag":[],"class_list":{"0":"post-23371","1":"product","2":"type-product","3":"status-publish","5":"product_cat-maros-megyei-eletrajzi-lexikon","7":"first","8":"instock","9":"shipping-taxable","10":"product-type-simple"},"_links":{"self":[{"href":"https:\/\/uj.adatbank.ro\/lexikon\/wp-json\/wp\/v2\/product\/23371","targetHints":{"allow":["GET"]}}],"collection":[{"href":"https:\/\/uj.adatbank.ro\/lexikon\/wp-json\/wp\/v2\/product"}],"about":[{"href":"https:\/\/uj.adatbank.ro\/lexikon\/wp-json\/wp\/v2\/types\/product"}],"replies":[{"embeddable":true,"href":"https:\/\/uj.adatbank.ro\/lexikon\/wp-json\/wp\/v2\/comments?post=23371"}],"wp:attachment":[{"href":"https:\/\/uj.adatbank.ro\/lexikon\/wp-json\/wp\/v2\/media?parent=23371"}],"wp:term":[{"taxonomy":"product_brand","embeddable":true,"href":"https:\/\/uj.adatbank.ro\/lexikon\/wp-json\/wp\/v2\/product_brand?post=23371"},{"taxonomy":"product_cat","embeddable":true,"href":"https:\/\/uj.adatbank.ro\/lexikon\/wp-json\/wp\/v2\/product_cat?post=23371"},{"taxonomy":"product_tag","embeddable":true,"href":"https:\/\/uj.adatbank.ro\/lexikon\/wp-json\/wp\/v2\/product_tag?post=23371"}],"curies":[{"name":"wp","href":"https:\/\/api.w.org\/{rel}","templated":true}]}}