{"id":23372,"date":"2025-08-01T17:24:49","date_gmt":"2025-08-01T15:24:49","guid":{"rendered":"https:\/\/uj.adatbank.ro\/lexikon\/termek\/tordai-ferenc\/"},"modified":"2025-08-01T17:24:49","modified_gmt":"2025-08-01T15:24:49","slug":"tordai-ferenc","status":"publish","type":"product","link":"https:\/\/uj.adatbank.ro\/lexikon\/termek\/tordai-ferenc\/","title":{"rendered":"TORDAI Ferenc"},"content":{"rendered":"<p>Mv., 1858., \u2020 Mv. 1944.: gazd\u00e1lkod\u00f3. \u2013 Apja mellett tanulta a gazd\u00e1lkod\u00e1st, 24 \u00e9ves kor\u00e1t\u00f3l \u00f6n\u00e1ll\u00f3 gazda lett. Esk\u00fcdtsz\u00e9ki tag, a v\u00e1ros egyik mintagazd\u00e1ja, saj\u00e1t nevel\u00e9s\u0171 \u00e1llataival els\u0151 d\u00edjat \u00e9s kit\u00fcntet\u00e9st nyert. A MP tagja, az egyh\u00e1z presbitere volt. <br \/><strong>\u2013 Irod.:<\/strong> Sz\u00e9kelyf\u00f6ld \u00ed. k.<\/br><\/p>\n","protected":false},"excerpt":{"rendered":"<p>Mv., 1858., \u2020 Mv. 1944.: gazd\u00e1lkod\u00f3. \u2013 Apja mellett tanulta a gazd\u00e1lkod\u00e1st, 24 \u00e9ves kor\u00e1t\u00f3l \u00f6n\u00e1ll\u00f3 gazda lett. Esk\u00fcdtsz\u00e9ki tag, a v\u00e1ros egyik mintagazd\u00e1ja, saj\u00e1t nevel\u00e9s\u0171 \u00e1llataival els\u0151 d\u00edjat \u00e9s kit\u00fcntet\u00e9st nyert. A MP tagja, az egyh\u00e1z presbitere volt. \u2013 Irod.: Sz\u00e9kelyf\u00f6ld \u00ed. k.<\/p>\n","protected":false},"featured_media":0,"comment_status":"open","ping_status":"closed","template":"","meta":[],"product_brand":[],"product_cat":[137],"product_tag":[],"class_list":{"0":"post-23372","1":"product","2":"type-product","3":"status-publish","5":"product_cat-maros-megyei-eletrajzi-lexikon","7":"first","8":"instock","9":"shipping-taxable","10":"product-type-simple"},"_links":{"self":[{"href":"https:\/\/uj.adatbank.ro\/lexikon\/wp-json\/wp\/v2\/product\/23372","targetHints":{"allow":["GET"]}}],"collection":[{"href":"https:\/\/uj.adatbank.ro\/lexikon\/wp-json\/wp\/v2\/product"}],"about":[{"href":"https:\/\/uj.adatbank.ro\/lexikon\/wp-json\/wp\/v2\/types\/product"}],"replies":[{"embeddable":true,"href":"https:\/\/uj.adatbank.ro\/lexikon\/wp-json\/wp\/v2\/comments?post=23372"}],"wp:attachment":[{"href":"https:\/\/uj.adatbank.ro\/lexikon\/wp-json\/wp\/v2\/media?parent=23372"}],"wp:term":[{"taxonomy":"product_brand","embeddable":true,"href":"https:\/\/uj.adatbank.ro\/lexikon\/wp-json\/wp\/v2\/product_brand?post=23372"},{"taxonomy":"product_cat","embeddable":true,"href":"https:\/\/uj.adatbank.ro\/lexikon\/wp-json\/wp\/v2\/product_cat?post=23372"},{"taxonomy":"product_tag","embeddable":true,"href":"https:\/\/uj.adatbank.ro\/lexikon\/wp-json\/wp\/v2\/product_tag?post=23372"}],"curies":[{"name":"wp","href":"https:\/\/api.w.org\/{rel}","templated":true}]}}