{"id":23373,"date":"2025-08-01T17:24:50","date_gmt":"2025-08-01T15:24:50","guid":{"rendered":"https:\/\/uj.adatbank.ro\/lexikon\/termek\/tordai-ferenc-somogyomi\/"},"modified":"2025-08-01T17:24:50","modified_gmt":"2025-08-01T15:24:50","slug":"tordai-ferenc-somogyomi","status":"publish","type":"product","link":"https:\/\/uj.adatbank.ro\/lexikon\/termek\/tordai-ferenc-somogyomi\/","title":{"rendered":"TORDAI Ferenc, somogyomi"},"content":{"rendered":"<p>? \u2020 ?: nemes. \u2013 T. J\u00e1nos \u00e9s Zsombori Judit fia. \u2013 K\u00fck\u00fcll\u0151i vm.-i nemes, a kisebbik kancell\u00e1ria \u00edrnoka (1642). II. R\u00e1k\u00f3czi Gy\u00f6rgy k\u00f6vete a Port\u00e1n. <br \/><strong>\u2013 Irod.:<\/strong> Kraus: Erd\u00e9lyi kr\u00f3nika.<\/br><\/p>\n","protected":false},"excerpt":{"rendered":"<p>? \u2020 ?: nemes. \u2013 T. J\u00e1nos \u00e9s Zsombori Judit fia. \u2013 K\u00fck\u00fcll\u0151i vm.-i nemes, a kisebbik kancell\u00e1ria \u00edrnoka (1642). II. R\u00e1k\u00f3czi Gy\u00f6rgy k\u00f6vete a Port\u00e1n. \u2013 Irod.: Kraus: Erd\u00e9lyi kr\u00f3nika.<\/p>\n","protected":false},"featured_media":0,"comment_status":"open","ping_status":"closed","template":"","meta":[],"product_brand":[],"product_cat":[137],"product_tag":[],"class_list":{"0":"post-23373","1":"product","2":"type-product","3":"status-publish","5":"product_cat-maros-megyei-eletrajzi-lexikon","7":"first","8":"instock","9":"shipping-taxable","10":"product-type-simple"},"_links":{"self":[{"href":"https:\/\/uj.adatbank.ro\/lexikon\/wp-json\/wp\/v2\/product\/23373","targetHints":{"allow":["GET"]}}],"collection":[{"href":"https:\/\/uj.adatbank.ro\/lexikon\/wp-json\/wp\/v2\/product"}],"about":[{"href":"https:\/\/uj.adatbank.ro\/lexikon\/wp-json\/wp\/v2\/types\/product"}],"replies":[{"embeddable":true,"href":"https:\/\/uj.adatbank.ro\/lexikon\/wp-json\/wp\/v2\/comments?post=23373"}],"wp:attachment":[{"href":"https:\/\/uj.adatbank.ro\/lexikon\/wp-json\/wp\/v2\/media?parent=23373"}],"wp:term":[{"taxonomy":"product_brand","embeddable":true,"href":"https:\/\/uj.adatbank.ro\/lexikon\/wp-json\/wp\/v2\/product_brand?post=23373"},{"taxonomy":"product_cat","embeddable":true,"href":"https:\/\/uj.adatbank.ro\/lexikon\/wp-json\/wp\/v2\/product_cat?post=23373"},{"taxonomy":"product_tag","embeddable":true,"href":"https:\/\/uj.adatbank.ro\/lexikon\/wp-json\/wp\/v2\/product_tag?post=23373"}],"curies":[{"name":"wp","href":"https:\/\/api.w.org\/{rel}","templated":true}]}}