{"id":23376,"date":"2025-08-01T17:24:58","date_gmt":"2025-08-01T15:24:58","guid":{"rendered":"https:\/\/uj.adatbank.ro\/lexikon\/termek\/tordai-istvan-id\/"},"modified":"2025-08-01T17:24:58","modified_gmt":"2025-08-01T15:24:58","slug":"tordai-istvan-id","status":"publish","type":"product","link":"https:\/\/uj.adatbank.ro\/lexikon\/termek\/tordai-istvan-id\/","title":{"rendered":"TORDAI Istv\u00e1n; id."},"content":{"rendered":"<p>Mv., 1865., \u2020 ?: vend\u00e9gl\u0151s. \u2013 Iskol\u00e1it a ref. Koll.-ban v\u00e9gezte, majd a csal\u00e1di birtokon \u00f6n\u00e1ll\u00f3 gazd\u00e1lkod\u00e1st folytatott, saj\u00e1t h\u00e1z\u00e1ban vend\u00e9gl\u0151t nyitott (1910). A Gazdak\u00f6r eln\u00f6ke, minden kultur\u00e1lis \u00e9s szoci\u00e1lis int\u00e9zm\u00e9ny t\u00e1mogat\u00f3ja, a ref. egyh\u00e1z presbitere volt. <br \/><strong>\u2013 Irod.:<\/strong> Sz\u00e9kelyf\u00f6ld \u00ed. k.<\/br><\/p>\n","protected":false},"excerpt":{"rendered":"<p>Mv., 1865., \u2020 ?: vend\u00e9gl\u0151s. \u2013 Iskol\u00e1it a ref. Koll.-ban v\u00e9gezte, majd a csal\u00e1di birtokon \u00f6n\u00e1ll\u00f3 gazd\u00e1lkod\u00e1st folytatott, saj\u00e1t h\u00e1z\u00e1ban vend\u00e9gl\u0151t nyitott (1910). A Gazdak\u00f6r eln\u00f6ke, minden kultur\u00e1lis \u00e9s szoci\u00e1lis int\u00e9zm\u00e9ny t\u00e1mogat\u00f3ja, a ref. egyh\u00e1z presbitere volt. \u2013 Irod.: Sz\u00e9kelyf\u00f6ld \u00ed. k.<\/p>\n","protected":false},"featured_media":0,"comment_status":"open","ping_status":"closed","template":"","meta":[],"product_brand":[],"product_cat":[137],"product_tag":[],"class_list":{"0":"post-23376","1":"product","2":"type-product","3":"status-publish","5":"product_cat-maros-megyei-eletrajzi-lexikon","7":"first","8":"instock","9":"shipping-taxable","10":"product-type-simple"},"_links":{"self":[{"href":"https:\/\/uj.adatbank.ro\/lexikon\/wp-json\/wp\/v2\/product\/23376","targetHints":{"allow":["GET"]}}],"collection":[{"href":"https:\/\/uj.adatbank.ro\/lexikon\/wp-json\/wp\/v2\/product"}],"about":[{"href":"https:\/\/uj.adatbank.ro\/lexikon\/wp-json\/wp\/v2\/types\/product"}],"replies":[{"embeddable":true,"href":"https:\/\/uj.adatbank.ro\/lexikon\/wp-json\/wp\/v2\/comments?post=23376"}],"wp:attachment":[{"href":"https:\/\/uj.adatbank.ro\/lexikon\/wp-json\/wp\/v2\/media?parent=23376"}],"wp:term":[{"taxonomy":"product_brand","embeddable":true,"href":"https:\/\/uj.adatbank.ro\/lexikon\/wp-json\/wp\/v2\/product_brand?post=23376"},{"taxonomy":"product_cat","embeddable":true,"href":"https:\/\/uj.adatbank.ro\/lexikon\/wp-json\/wp\/v2\/product_cat?post=23376"},{"taxonomy":"product_tag","embeddable":true,"href":"https:\/\/uj.adatbank.ro\/lexikon\/wp-json\/wp\/v2\/product_tag?post=23376"}],"curies":[{"name":"wp","href":"https:\/\/api.w.org\/{rel}","templated":true}]}}