{"id":23377,"date":"2025-08-01T17:25:00","date_gmt":"2025-08-01T15:25:00","guid":{"rendered":"https:\/\/uj.adatbank.ro\/lexikon\/termek\/tordai-janos\/"},"modified":"2025-08-01T17:25:00","modified_gmt":"2025-08-01T15:25:00","slug":"tordai-janos","status":"publish","type":"product","link":"https:\/\/uj.adatbank.ro\/lexikon\/termek\/tordai-janos\/","title":{"rendered":"TORDAI J\u00e1nos"},"content":{"rendered":"<p>Mv., 1899., \u2020 ?: gazd\u00e1lkod\u00f3. \u2013 \u00c9desapja mellett tanult meg gazd\u00e1lkodni, majd \u00f6n\u00e1ll\u00f3 lett \u00e9s 20 hold f\u00f6ld\u00f6n gazd\u00e1lkodott. A Gazdak\u00f6r aleln\u00f6ke, a MP tagja volt. Az els\u0151 vh.-ban \u00f6nk\u00e9ntesk\u00e9nt az orosz fronton harcolt.. <br \/><strong>\u2013 Irod.:<\/strong> Sz\u00e9kelyf\u00f6ld \u00ed. k.<\/br><\/p>\n","protected":false},"excerpt":{"rendered":"<p>Mv., 1899., \u2020 ?: gazd\u00e1lkod\u00f3. \u2013 \u00c9desapja mellett tanult meg gazd\u00e1lkodni, majd \u00f6n\u00e1ll\u00f3 lett \u00e9s 20 hold f\u00f6ld\u00f6n gazd\u00e1lkodott. A Gazdak\u00f6r aleln\u00f6ke, a MP tagja volt. Az els\u0151 vh.-ban \u00f6nk\u00e9ntesk\u00e9nt az orosz fronton harcolt.. \u2013 Irod.: Sz\u00e9kelyf\u00f6ld \u00ed. k.<\/p>\n","protected":false},"featured_media":0,"comment_status":"open","ping_status":"closed","template":"","meta":[],"product_brand":[],"product_cat":[137],"product_tag":[],"class_list":{"0":"post-23377","1":"product","2":"type-product","3":"status-publish","5":"product_cat-maros-megyei-eletrajzi-lexikon","7":"first","8":"instock","9":"shipping-taxable","10":"product-type-simple"},"_links":{"self":[{"href":"https:\/\/uj.adatbank.ro\/lexikon\/wp-json\/wp\/v2\/product\/23377","targetHints":{"allow":["GET"]}}],"collection":[{"href":"https:\/\/uj.adatbank.ro\/lexikon\/wp-json\/wp\/v2\/product"}],"about":[{"href":"https:\/\/uj.adatbank.ro\/lexikon\/wp-json\/wp\/v2\/types\/product"}],"replies":[{"embeddable":true,"href":"https:\/\/uj.adatbank.ro\/lexikon\/wp-json\/wp\/v2\/comments?post=23377"}],"wp:attachment":[{"href":"https:\/\/uj.adatbank.ro\/lexikon\/wp-json\/wp\/v2\/media?parent=23377"}],"wp:term":[{"taxonomy":"product_brand","embeddable":true,"href":"https:\/\/uj.adatbank.ro\/lexikon\/wp-json\/wp\/v2\/product_brand?post=23377"},{"taxonomy":"product_cat","embeddable":true,"href":"https:\/\/uj.adatbank.ro\/lexikon\/wp-json\/wp\/v2\/product_cat?post=23377"},{"taxonomy":"product_tag","embeddable":true,"href":"https:\/\/uj.adatbank.ro\/lexikon\/wp-json\/wp\/v2\/product_tag?post=23377"}],"curies":[{"name":"wp","href":"https:\/\/api.w.org\/{rel}","templated":true}]}}