{"id":23380,"date":"2025-08-01T17:25:09","date_gmt":"2025-08-01T15:25:09","guid":{"rendered":"https:\/\/uj.adatbank.ro\/lexikon\/termek\/tordai-lajos-torday-lajos\/"},"modified":"2025-08-01T17:25:09","modified_gmt":"2025-08-01T15:25:09","slug":"tordai-lajos-torday-lajos","status":"publish","type":"product","link":"https:\/\/uj.adatbank.ro\/lexikon\/termek\/tordai-lajos-torday-lajos\/","title":{"rendered":"TORDAI Lajos, Torday Lajos"},"content":{"rendered":"<p>? \u2020 ?: \u00e9p\u00edt\u00e9szm\u00e9rn\u00f6k, \u00e9p\u00edtkez\u00e9si v\u00e1llalkoz\u00f3. \u2013 Mv.-en tervezte \u00e9s \u00e9p\u00edtette a saj\u00e1t h\u00e1z\u00e1t (Tudor Vladimirescu u. 81. sz.; 1924), Cs\u00edkfalv\u00e1n ref. templomot \u00e9p\u00edtett (1927). <br \/><strong>\u2013 Irod.:<\/strong> Almanah Tg. M.; Cs\u00edkfalva; Man: Tg. M., 3.<\/br><\/p>\n","protected":false},"excerpt":{"rendered":"<p>? \u2020 ?: \u00e9p\u00edt\u00e9szm\u00e9rn\u00f6k, \u00e9p\u00edtkez\u00e9si v\u00e1llalkoz\u00f3. \u2013 Mv.-en tervezte \u00e9s \u00e9p\u00edtette a saj\u00e1t h\u00e1z\u00e1t (Tudor Vladimirescu u. 81. sz.; 1924), Cs\u00edkfalv\u00e1n ref. templomot \u00e9p\u00edtett (1927). \u2013 Irod.: Almanah Tg. M.; Cs\u00edkfalva; Man: Tg. M., 3.<\/p>\n","protected":false},"featured_media":0,"comment_status":"open","ping_status":"closed","template":"","meta":[],"product_brand":[],"product_cat":[137],"product_tag":[],"class_list":{"0":"post-23380","1":"product","2":"type-product","3":"status-publish","5":"product_cat-maros-megyei-eletrajzi-lexikon","7":"first","8":"instock","9":"shipping-taxable","10":"product-type-simple"},"_links":{"self":[{"href":"https:\/\/uj.adatbank.ro\/lexikon\/wp-json\/wp\/v2\/product\/23380","targetHints":{"allow":["GET"]}}],"collection":[{"href":"https:\/\/uj.adatbank.ro\/lexikon\/wp-json\/wp\/v2\/product"}],"about":[{"href":"https:\/\/uj.adatbank.ro\/lexikon\/wp-json\/wp\/v2\/types\/product"}],"replies":[{"embeddable":true,"href":"https:\/\/uj.adatbank.ro\/lexikon\/wp-json\/wp\/v2\/comments?post=23380"}],"wp:attachment":[{"href":"https:\/\/uj.adatbank.ro\/lexikon\/wp-json\/wp\/v2\/media?parent=23380"}],"wp:term":[{"taxonomy":"product_brand","embeddable":true,"href":"https:\/\/uj.adatbank.ro\/lexikon\/wp-json\/wp\/v2\/product_brand?post=23380"},{"taxonomy":"product_cat","embeddable":true,"href":"https:\/\/uj.adatbank.ro\/lexikon\/wp-json\/wp\/v2\/product_cat?post=23380"},{"taxonomy":"product_tag","embeddable":true,"href":"https:\/\/uj.adatbank.ro\/lexikon\/wp-json\/wp\/v2\/product_tag?post=23380"}],"curies":[{"name":"wp","href":"https:\/\/api.w.org\/{rel}","templated":true}]}}