{"id":23384,"date":"2025-08-01T17:25:19","date_gmt":"2025-08-01T15:25:19","guid":{"rendered":"https:\/\/uj.adatbank.ro\/lexikon\/termek\/tordai-mate\/"},"modified":"2025-08-01T17:25:19","modified_gmt":"2025-08-01T15:25:19","slug":"tordai-mate","status":"publish","type":"product","link":"https:\/\/uj.adatbank.ro\/lexikon\/termek\/tordai-mate\/","title":{"rendered":"TORDAI M\u00e1t\u00e9"},"content":{"rendered":"<p>? \u2020 ?: lelk\u00e9sz, tan\u00e1r. \u2013 A mv.-i sk\u00f3la rektora (?\u20131599), k\u00e9s\u0151bb mak\u00f3i unit. lelk\u00e9sz, verseket \u00edrt. <br \/><strong>\u2013 Irod.:<\/strong> T\u00f3th Istv\u00e1n: A gyulafeh\u00e9rv\u00e1ri humanista k\u00f6lt\u00e9szet antol\u00f3gi\u00e1ja (Bp., 2001).<\/br><\/p>\n","protected":false},"excerpt":{"rendered":"<p>? \u2020 ?: lelk\u00e9sz, tan\u00e1r. \u2013 A mv.-i sk\u00f3la rektora (?\u20131599), k\u00e9s\u0151bb mak\u00f3i unit. lelk\u00e9sz, verseket \u00edrt. \u2013 Irod.: T\u00f3th Istv\u00e1n: A gyulafeh\u00e9rv\u00e1ri humanista k\u00f6lt\u00e9szet antol\u00f3gi\u00e1ja (Bp., 2001).<\/p>\n","protected":false},"featured_media":0,"comment_status":"open","ping_status":"closed","template":"","meta":[],"product_brand":[],"product_cat":[137],"product_tag":[],"class_list":{"0":"post-23384","1":"product","2":"type-product","3":"status-publish","5":"product_cat-maros-megyei-eletrajzi-lexikon","7":"first","8":"instock","9":"shipping-taxable","10":"product-type-simple"},"_links":{"self":[{"href":"https:\/\/uj.adatbank.ro\/lexikon\/wp-json\/wp\/v2\/product\/23384","targetHints":{"allow":["GET"]}}],"collection":[{"href":"https:\/\/uj.adatbank.ro\/lexikon\/wp-json\/wp\/v2\/product"}],"about":[{"href":"https:\/\/uj.adatbank.ro\/lexikon\/wp-json\/wp\/v2\/types\/product"}],"replies":[{"embeddable":true,"href":"https:\/\/uj.adatbank.ro\/lexikon\/wp-json\/wp\/v2\/comments?post=23384"}],"wp:attachment":[{"href":"https:\/\/uj.adatbank.ro\/lexikon\/wp-json\/wp\/v2\/media?parent=23384"}],"wp:term":[{"taxonomy":"product_brand","embeddable":true,"href":"https:\/\/uj.adatbank.ro\/lexikon\/wp-json\/wp\/v2\/product_brand?post=23384"},{"taxonomy":"product_cat","embeddable":true,"href":"https:\/\/uj.adatbank.ro\/lexikon\/wp-json\/wp\/v2\/product_cat?post=23384"},{"taxonomy":"product_tag","embeddable":true,"href":"https:\/\/uj.adatbank.ro\/lexikon\/wp-json\/wp\/v2\/product_tag?post=23384"}],"curies":[{"name":"wp","href":"https:\/\/api.w.org\/{rel}","templated":true}]}}