{"id":23386,"date":"2025-08-01T17:25:23","date_gmt":"2025-08-01T15:25:23","guid":{"rendered":"https:\/\/uj.adatbank.ro\/lexikon\/termek\/tordai-pal-deak-paul-literati-paul-literati-tordai\/"},"modified":"2025-08-01T17:25:23","modified_gmt":"2025-08-01T15:25:23","slug":"tordai-pal-deak-paul-literati-paul-literati-tordai","status":"publish","type":"product","link":"https:\/\/uj.adatbank.ro\/lexikon\/termek\/tordai-pal-deak-paul-literati-paul-literati-tordai\/","title":{"rendered":"TORDAI P\u00e1l De\u00e1k; Paul Literati, Paul Literati Tordai"},"content":{"rendered":"<p>? \u2020 Mv., 1644.: f\u0151b\u00edr\u00f3. \u2013 Mv.-i lakos Tordai P\u00e1l levele Devecseren lak\u00f3 \u00f6zvegy Belleni Zsigmondn\u00e9hoz, melyben k\u00e9ri, hogy a mv-i egyh\u00e1z ablakainak csin\u00e1ltat\u00e1s\u00e1ra ig\u00e9rt k\u00f6lts\u00e9get k\u00fcldje hozz\u00e1. (Kelt: Mv, 1624. jan. 29.); Mv. f\u0151b\u00edr\u00e1ja (1639, 1640, 1642, 1644 ). <br \/><strong>\u2013 Irod.:<\/strong> Fodor\u2013Bal\u00e1s; Id\u0151t\u00e1r 1; P\u00e1l-Antal 2006; SzOkl, 4.<\/br><\/p>\n","protected":false},"excerpt":{"rendered":"<p>? \u2020 Mv., 1644.: f\u0151b\u00edr\u00f3. \u2013 Mv.-i lakos Tordai P\u00e1l levele Devecseren lak\u00f3 \u00f6zvegy Belleni Zsigmondn\u00e9hoz, melyben k\u00e9ri, hogy a mv-i egyh\u00e1z ablakainak csin\u00e1ltat\u00e1s\u00e1ra ig\u00e9rt k\u00f6lts\u00e9get k\u00fcldje hozz\u00e1. (Kelt: Mv, 1624. jan. 29.); Mv. f\u0151b\u00edr\u00e1ja (1639, 1640, 1642, 1644 ). \u2013 Irod.: Fodor\u2013Bal\u00e1s; Id\u0151t\u00e1r 1; P\u00e1l-Antal 2006; SzOkl, 4.<\/p>\n","protected":false},"featured_media":0,"comment_status":"open","ping_status":"closed","template":"","meta":[],"product_brand":[],"product_cat":[137],"product_tag":[],"class_list":{"0":"post-23386","1":"product","2":"type-product","3":"status-publish","5":"product_cat-maros-megyei-eletrajzi-lexikon","7":"first","8":"instock","9":"shipping-taxable","10":"product-type-simple"},"_links":{"self":[{"href":"https:\/\/uj.adatbank.ro\/lexikon\/wp-json\/wp\/v2\/product\/23386","targetHints":{"allow":["GET"]}}],"collection":[{"href":"https:\/\/uj.adatbank.ro\/lexikon\/wp-json\/wp\/v2\/product"}],"about":[{"href":"https:\/\/uj.adatbank.ro\/lexikon\/wp-json\/wp\/v2\/types\/product"}],"replies":[{"embeddable":true,"href":"https:\/\/uj.adatbank.ro\/lexikon\/wp-json\/wp\/v2\/comments?post=23386"}],"wp:attachment":[{"href":"https:\/\/uj.adatbank.ro\/lexikon\/wp-json\/wp\/v2\/media?parent=23386"}],"wp:term":[{"taxonomy":"product_brand","embeddable":true,"href":"https:\/\/uj.adatbank.ro\/lexikon\/wp-json\/wp\/v2\/product_brand?post=23386"},{"taxonomy":"product_cat","embeddable":true,"href":"https:\/\/uj.adatbank.ro\/lexikon\/wp-json\/wp\/v2\/product_cat?post=23386"},{"taxonomy":"product_tag","embeddable":true,"href":"https:\/\/uj.adatbank.ro\/lexikon\/wp-json\/wp\/v2\/product_tag?post=23386"}],"curies":[{"name":"wp","href":"https:\/\/api.w.org\/{rel}","templated":true}]}}