{"id":23387,"date":"2025-08-01T17:25:26","date_gmt":"2025-08-01T15:25:26","guid":{"rendered":"https:\/\/uj.adatbank.ro\/lexikon\/termek\/tordai-salathiel-salatiel-de-torda\/"},"modified":"2025-08-01T17:25:26","modified_gmt":"2025-08-01T15:25:26","slug":"tordai-salathiel-salatiel-de-torda","status":"publish","type":"product","link":"https:\/\/uj.adatbank.ro\/lexikon\/termek\/tordai-salathiel-salatiel-de-torda\/","title":{"rendered":"TORDAI Sal\u00e1thiel, Salatiel de Torda"},"content":{"rendered":"<p>? \u2020 ?: p\u00fcsp\u00f6k, kanonok. \u2013 Kir\u00e1lyi kancell\u00e1riai jegyz\u0151. Ger\u00e9b L\u00e1szl\u00f3 erd\u00e9lyi p\u00fcsp\u00f6k kinevezte kanonoknak (1500. jan. 15.), a p\u00fcsp\u00f6k humanista k\u00f6r\u00e9hez tartozott. Dobokai f\u0151esperes (1504\u20131519). Humanista m\u0171velts\u00e9ge r\u00e9v\u00e9n \u00e9rdekl\u0151d\u00f6tt az \u00f3kori r\u00e9g\u00e9szet \u00e9s m\u0171t\u00e1rgyak ir\u00e1nt. <br \/><strong>\u2013 Irod.:<\/strong> Ferenczi 2012; T\u00f3th Istv\u00e1n.<\/br><\/p>\n","protected":false},"excerpt":{"rendered":"<p>? \u2020 ?: p\u00fcsp\u00f6k, kanonok. \u2013 Kir\u00e1lyi kancell\u00e1riai jegyz\u0151. Ger\u00e9b L\u00e1szl\u00f3 erd\u00e9lyi p\u00fcsp\u00f6k kinevezte kanonoknak (1500. jan. 15.), a p\u00fcsp\u00f6k humanista k\u00f6r\u00e9hez tartozott. Dobokai f\u0151esperes (1504\u20131519). Humanista m\u0171velts\u00e9ge r\u00e9v\u00e9n \u00e9rdekl\u0151d\u00f6tt az \u00f3kori r\u00e9g\u00e9szet \u00e9s m\u0171t\u00e1rgyak ir\u00e1nt. \u2013 Irod.: Ferenczi 2012; T\u00f3th Istv\u00e1n.<\/p>\n","protected":false},"featured_media":0,"comment_status":"open","ping_status":"closed","template":"","meta":[],"product_brand":[],"product_cat":[137],"product_tag":[],"class_list":{"0":"post-23387","1":"product","2":"type-product","3":"status-publish","5":"product_cat-maros-megyei-eletrajzi-lexikon","7":"first","8":"instock","9":"shipping-taxable","10":"product-type-simple"},"_links":{"self":[{"href":"https:\/\/uj.adatbank.ro\/lexikon\/wp-json\/wp\/v2\/product\/23387","targetHints":{"allow":["GET"]}}],"collection":[{"href":"https:\/\/uj.adatbank.ro\/lexikon\/wp-json\/wp\/v2\/product"}],"about":[{"href":"https:\/\/uj.adatbank.ro\/lexikon\/wp-json\/wp\/v2\/types\/product"}],"replies":[{"embeddable":true,"href":"https:\/\/uj.adatbank.ro\/lexikon\/wp-json\/wp\/v2\/comments?post=23387"}],"wp:attachment":[{"href":"https:\/\/uj.adatbank.ro\/lexikon\/wp-json\/wp\/v2\/media?parent=23387"}],"wp:term":[{"taxonomy":"product_brand","embeddable":true,"href":"https:\/\/uj.adatbank.ro\/lexikon\/wp-json\/wp\/v2\/product_brand?post=23387"},{"taxonomy":"product_cat","embeddable":true,"href":"https:\/\/uj.adatbank.ro\/lexikon\/wp-json\/wp\/v2\/product_cat?post=23387"},{"taxonomy":"product_tag","embeddable":true,"href":"https:\/\/uj.adatbank.ro\/lexikon\/wp-json\/wp\/v2\/product_tag?post=23387"}],"curies":[{"name":"wp","href":"https:\/\/api.w.org\/{rel}","templated":true}]}}