{"id":23395,"date":"2025-08-01T17:25:48","date_gmt":"2025-08-01T15:25:48","guid":{"rendered":"https:\/\/uj.adatbank.ro\/lexikon\/termek\/torjan-karoly\/"},"modified":"2025-08-01T17:25:48","modified_gmt":"2025-08-01T15:25:48","slug":"torjan-karoly","status":"publish","type":"product","link":"https:\/\/uj.adatbank.ro\/lexikon\/termek\/torjan-karoly\/","title":{"rendered":"TORJ\u00c1N K\u00e1roly"},"content":{"rendered":"<p>? \u2020 ?: r. k. esperes pl\u00e9b\u00e1nos. \u2013 Segesv\u00e1ron f\u0151esperes, dr. (1940\u201350-es \u00e9vek). A MNSZ segesv\u00e1ri megalakul\u00e1s\u00e1t\u00f3l szorgalmazta a segesv\u00e1ri m. oktat\u00e1s kib\u0151v\u00edt\u00e9s\u00e9t, ezt seg\u00edtette dr. T\u00f3th Lajos ref. lelk\u00e9sszel k\u00f6z\u00f6sen \u00e9s k\u00f6zrem\u0171k\u00f6d\u00e9s\u00fckkel, a ref. elemi iskola \u00e9p\u00fclet\u00e9ben, beindulhatott az Egys\u00e9ges \u00c1llami Pet\u0151fi Gimn\u00e1zium (1945\u201346. tan\u00e9vt\u0151l). Elv\u00e1llalta a m. nyelv \u00e9s irodalom oktat\u00e1s\u00e1t. <br \/><strong>\u2013 Irod.:<\/strong> M\u00e1th\u00e9 Andr\u00e1s: Tudja-e, hogy&#8230; (N\u00fa., 1998. \u00e1pr. 21.).<\/br><\/p>\n","protected":false},"excerpt":{"rendered":"<p>? \u2020 ?: r. k. esperes pl\u00e9b\u00e1nos. \u2013 Segesv\u00e1ron f\u0151esperes, dr. (1940\u201350-es \u00e9vek). A MNSZ segesv\u00e1ri megalakul\u00e1s\u00e1t\u00f3l szorgalmazta a segesv\u00e1ri m. oktat\u00e1s kib\u0151v\u00edt\u00e9s\u00e9t, ezt seg\u00edtette dr. T\u00f3th Lajos ref. lelk\u00e9sszel k\u00f6z\u00f6sen \u00e9s k\u00f6zrem\u0171k\u00f6d\u00e9s\u00fckkel, a ref. elemi iskola \u00e9p\u00fclet\u00e9ben, beindulhatott az Egys\u00e9ges \u00c1llami Pet\u0151fi Gimn\u00e1zium (1945\u201346. tan\u00e9vt\u0151l). Elv\u00e1llalta a m. nyelv \u00e9s irodalom oktat\u00e1s\u00e1t. \u2013 Irod.: [&hellip;]<\/p>\n","protected":false},"featured_media":0,"comment_status":"open","ping_status":"closed","template":"","meta":[],"product_brand":[],"product_cat":[137],"product_tag":[],"class_list":{"0":"post-23395","1":"product","2":"type-product","3":"status-publish","5":"product_cat-maros-megyei-eletrajzi-lexikon","7":"first","8":"instock","9":"shipping-taxable","10":"product-type-simple"},"_links":{"self":[{"href":"https:\/\/uj.adatbank.ro\/lexikon\/wp-json\/wp\/v2\/product\/23395","targetHints":{"allow":["GET"]}}],"collection":[{"href":"https:\/\/uj.adatbank.ro\/lexikon\/wp-json\/wp\/v2\/product"}],"about":[{"href":"https:\/\/uj.adatbank.ro\/lexikon\/wp-json\/wp\/v2\/types\/product"}],"replies":[{"embeddable":true,"href":"https:\/\/uj.adatbank.ro\/lexikon\/wp-json\/wp\/v2\/comments?post=23395"}],"wp:attachment":[{"href":"https:\/\/uj.adatbank.ro\/lexikon\/wp-json\/wp\/v2\/media?parent=23395"}],"wp:term":[{"taxonomy":"product_brand","embeddable":true,"href":"https:\/\/uj.adatbank.ro\/lexikon\/wp-json\/wp\/v2\/product_brand?post=23395"},{"taxonomy":"product_cat","embeddable":true,"href":"https:\/\/uj.adatbank.ro\/lexikon\/wp-json\/wp\/v2\/product_cat?post=23395"},{"taxonomy":"product_tag","embeddable":true,"href":"https:\/\/uj.adatbank.ro\/lexikon\/wp-json\/wp\/v2\/product_tag?post=23395"}],"curies":[{"name":"wp","href":"https:\/\/api.w.org\/{rel}","templated":true}]}}