{"id":23399,"date":"2025-08-01T17:26:01","date_gmt":"2025-08-01T15:26:01","guid":{"rendered":"https:\/\/uj.adatbank.ro\/lexikon\/termek\/torma-janosne\/"},"modified":"2025-08-01T17:26:01","modified_gmt":"2025-08-01T15:26:01","slug":"torma-janosne","status":"publish","type":"product","link":"https:\/\/uj.adatbank.ro\/lexikon\/termek\/torma-janosne\/","title":{"rendered":"TORMA J\u00e1nosn\u00e9"},"content":{"rendered":"<p>? \u2020 ?: iskola t\u00e1mogat\u00f3. \u2013 Anyagilag \u00e9s erk\u00f6lcsileg is t\u00e1mogatta a r. kat. egyh\u00e1zat \u00e9s oktat\u00e1st, a jezsuita misszi\u00f3t (1700 as \u00e9vek eleje). <br \/><strong>\u2013 Irod.:<\/strong> P\u00e1l-Antal 2009.<\/br><\/p>\n","protected":false},"excerpt":{"rendered":"<p>? \u2020 ?: iskola t\u00e1mogat\u00f3. \u2013 Anyagilag \u00e9s erk\u00f6lcsileg is t\u00e1mogatta a r. kat. egyh\u00e1zat \u00e9s oktat\u00e1st, a jezsuita misszi\u00f3t (1700 as \u00e9vek eleje). \u2013 Irod.: P\u00e1l-Antal 2009.<\/p>\n","protected":false},"featured_media":0,"comment_status":"open","ping_status":"closed","template":"","meta":[],"product_brand":[],"product_cat":[137],"product_tag":[],"class_list":{"0":"post-23399","1":"product","2":"type-product","3":"status-publish","5":"product_cat-maros-megyei-eletrajzi-lexikon","7":"first","8":"instock","9":"shipping-taxable","10":"product-type-simple"},"_links":{"self":[{"href":"https:\/\/uj.adatbank.ro\/lexikon\/wp-json\/wp\/v2\/product\/23399","targetHints":{"allow":["GET"]}}],"collection":[{"href":"https:\/\/uj.adatbank.ro\/lexikon\/wp-json\/wp\/v2\/product"}],"about":[{"href":"https:\/\/uj.adatbank.ro\/lexikon\/wp-json\/wp\/v2\/types\/product"}],"replies":[{"embeddable":true,"href":"https:\/\/uj.adatbank.ro\/lexikon\/wp-json\/wp\/v2\/comments?post=23399"}],"wp:attachment":[{"href":"https:\/\/uj.adatbank.ro\/lexikon\/wp-json\/wp\/v2\/media?parent=23399"}],"wp:term":[{"taxonomy":"product_brand","embeddable":true,"href":"https:\/\/uj.adatbank.ro\/lexikon\/wp-json\/wp\/v2\/product_brand?post=23399"},{"taxonomy":"product_cat","embeddable":true,"href":"https:\/\/uj.adatbank.ro\/lexikon\/wp-json\/wp\/v2\/product_cat?post=23399"},{"taxonomy":"product_tag","embeddable":true,"href":"https:\/\/uj.adatbank.ro\/lexikon\/wp-json\/wp\/v2\/product_tag?post=23399"}],"curies":[{"name":"wp","href":"https:\/\/api.w.org\/{rel}","templated":true}]}}