{"id":23403,"date":"2025-08-01T17:26:08","date_gmt":"2025-08-01T15:26:08","guid":{"rendered":"https:\/\/uj.adatbank.ro\/lexikon\/termek\/torma-miklos\/"},"modified":"2025-08-01T17:26:08","modified_gmt":"2025-08-01T15:26:08","slug":"torma-miklos","status":"publish","type":"product","link":"https:\/\/uj.adatbank.ro\/lexikon\/termek\/torma-miklos\/","title":{"rendered":"TORMA Mikl\u00f3s"},"content":{"rendered":"<p>? \u2020 Mikh\u00e1za, 1737.: marossz\u00e9ki nemes (eml\u00edtik 1711. j\u00fan. 13. \u00f6ssze\u00edr\u00e1skor). Mikh\u00e1z\u00e1n a templom fal\u00e1ban elhelyezett d\u00edszes s\u00edrk\u00f6ve: T. Mikl\u00f3s Bels\u0151 Szolnok megye f\u0151isp\u00e1nja (\u2020 1737) \u00e9s neje Baranyai Kata (\u2020 1724). <br \/><strong>\u2013 Irod.:<\/strong> Gy\u00f6rgy: A ferencrendiek; Marossz\u00e9k, Kr\u00f3n F\u00fcz 1936. 17\u201318.<\/br><\/p>\n","protected":false},"excerpt":{"rendered":"<p>? \u2020 Mikh\u00e1za, 1737.: marossz\u00e9ki nemes (eml\u00edtik 1711. j\u00fan. 13. \u00f6ssze\u00edr\u00e1skor). Mikh\u00e1z\u00e1n a templom fal\u00e1ban elhelyezett d\u00edszes s\u00edrk\u00f6ve: T. Mikl\u00f3s Bels\u0151 Szolnok megye f\u0151isp\u00e1nja (\u2020 1737) \u00e9s neje Baranyai Kata (\u2020 1724). \u2013 Irod.: Gy\u00f6rgy: A ferencrendiek; Marossz\u00e9k, Kr\u00f3n F\u00fcz 1936. 17\u201318.<\/p>\n","protected":false},"featured_media":0,"comment_status":"open","ping_status":"closed","template":"","meta":[],"product_brand":[],"product_cat":[137],"product_tag":[],"class_list":{"0":"post-23403","1":"product","2":"type-product","3":"status-publish","5":"product_cat-maros-megyei-eletrajzi-lexikon","7":"first","8":"instock","9":"shipping-taxable","10":"product-type-simple"},"_links":{"self":[{"href":"https:\/\/uj.adatbank.ro\/lexikon\/wp-json\/wp\/v2\/product\/23403","targetHints":{"allow":["GET"]}}],"collection":[{"href":"https:\/\/uj.adatbank.ro\/lexikon\/wp-json\/wp\/v2\/product"}],"about":[{"href":"https:\/\/uj.adatbank.ro\/lexikon\/wp-json\/wp\/v2\/types\/product"}],"replies":[{"embeddable":true,"href":"https:\/\/uj.adatbank.ro\/lexikon\/wp-json\/wp\/v2\/comments?post=23403"}],"wp:attachment":[{"href":"https:\/\/uj.adatbank.ro\/lexikon\/wp-json\/wp\/v2\/media?parent=23403"}],"wp:term":[{"taxonomy":"product_brand","embeddable":true,"href":"https:\/\/uj.adatbank.ro\/lexikon\/wp-json\/wp\/v2\/product_brand?post=23403"},{"taxonomy":"product_cat","embeddable":true,"href":"https:\/\/uj.adatbank.ro\/lexikon\/wp-json\/wp\/v2\/product_cat?post=23403"},{"taxonomy":"product_tag","embeddable":true,"href":"https:\/\/uj.adatbank.ro\/lexikon\/wp-json\/wp\/v2\/product_tag?post=23403"}],"curies":[{"name":"wp","href":"https:\/\/api.w.org\/{rel}","templated":true}]}}