{"id":23406,"date":"2025-08-01T17:26:16","date_gmt":"2025-08-01T15:26:16","guid":{"rendered":"https:\/\/uj.adatbank.ro\/lexikon\/termek\/tornea-pavel\/"},"modified":"2025-08-01T17:26:16","modified_gmt":"2025-08-01T15:26:16","slug":"tornea-pavel","status":"publish","type":"product","link":"https:\/\/uj.adatbank.ro\/lexikon\/termek\/tornea-pavel\/","title":{"rendered":"TORNEA, Pavel"},"content":{"rendered":"<p>Marosk\u00f6vesd, 1911. dec. 7., \u2020 Buk., 1994. \u00e1pr. 2.: oboa- \u00e9s angolk\u00fcrt\u2013m\u0171v\u00e9sz, n\u00e9pi \u00e9nekes, folklorista. \u2013 Elemi iskol\u00e1t sz\u00fcl\u0151faluj\u00e1ban v\u00e9gzett, majd Buk.-ben kifut\u00f3fi\u00fa, szolga, csomaghord\u00f3 17 \u00e9ves kor\u00e1ig. Apja hal\u00e1la ut\u00e1n be\u00e1llt katon\u00e1nak (1928). Ott alkalma ny\u00edlt hangszert tanulni, \u00edgy lett oboael\u0151ad\u00f3 t\u00f6bb h\u00edres zenekarban. Kiv\u00e1l\u00f3 zenei tehets\u00e9ge r\u00e9v\u00e9n elk\u00fcldt\u00e9k a Buk.-i Konzervat\u00f3riumba, ahol komplex zenei k\u00e9pz\u00e9st kapott, \u00e9s lehet\u0151s\u00e9ge ny\u00edlt nagy zenekarok p\u00f3dium\u00e1ra is feljutni. N\u00e9gy \u00e9vvel a konzervat\u00f3rium elv\u00e9gz\u00e9se ut\u00e1n versenyvizsg\u00e1val beker\u00fclt a Buk.-i Filharm\u00f3ni\u00e1ba, ahol oboa- \u00e9s angolk\u00fcrtsz\u00f3lista lett. Versenyvizsg\u00e1val koncertmesterr\u00e9 v\u00e1lt (1943), hazai \u00e9s k\u00fclf\u00f6ldi karmesterek elismer\u00e9s\u00e9t v\u00edvta ki: G. Enescu, Teodor Rogalski, Alfred Alessandrescu, Ionel Perlea, George Georgescu, Herbert Albert, Herbert von Karajan \u00e9s m\u00e1sok. \u00c1lland\u00f3an tov\u00e1bb k\u00e9pezte mag\u00e1t. Nev\u00e9hez f\u0171z\u0151dik haz\u00e1nkban az oboa hangfog\u00e1s\u00e1nak \u00faj rendszere, amely k\u00f6nnyebben kezelhet\u0151v\u00e9 tette ennek a nem k\u00f6nny\u0171 hangszernek a kezel\u00e9s\u00e9t, de m\u00e1s f\u00fav\u00f3s hangszerek hangszerel\u00e9s\u00e9ben \u00e9s kezel\u00e9s\u00e9ben is voltak \u00faj\u00edt\u00e1sai. Els\u0151, aki obo\u00e1n n\u00e9pdalokat is adott el\u0151. Sz\u00e1mos lemeze, r\u00e1di\u00f3felv\u00e9tele is k\u00e9sz\u00fclt, sok koncertje volt \u00fagy bel- mint k\u00fclf\u00f6ld\u00f6n. Tan\u00e1rk\u00e9nt is sz\u00e1mos tehets\u00e9get bocs\u00e1tott \u00fatj\u00e1ra. A buk.-i Dinu Lipatti Zenei L\u00edc.-ban obo\u00e1t tan\u00edtott. Eml\u00e9k\u00e9re testv\u00e9re, Zaharie, Marosbisztr\u00e1n \u00fatsz\u00e9li keresztet (troi\u0163\u0103) \u00e1ll\u00edtott fel. <br \/><strong>\u2013 Irod.:<\/strong> C.l. (1991. dec. 5); Datcu; Deda \u00een spa\u0163iu; Radio, Almanah.<\/br><\/p>\n","protected":false},"excerpt":{"rendered":"<p>Marosk\u00f6vesd, 1911. dec. 7., \u2020 Buk., 1994. \u00e1pr. 2.: oboa- \u00e9s angolk\u00fcrt\u2013m\u0171v\u00e9sz, n\u00e9pi \u00e9nekes, folklorista. \u2013 Elemi iskol\u00e1t sz\u00fcl\u0151faluj\u00e1ban v\u00e9gzett, majd Buk.-ben kifut\u00f3fi\u00fa, szolga, csomaghord\u00f3 17 \u00e9ves kor\u00e1ig. Apja hal\u00e1la ut\u00e1n be\u00e1llt katon\u00e1nak (1928). Ott alkalma ny\u00edlt hangszert tanulni, \u00edgy lett oboael\u0151ad\u00f3 t\u00f6bb h\u00edres zenekarban. Kiv\u00e1l\u00f3 zenei tehets\u00e9ge r\u00e9v\u00e9n elk\u00fcldt\u00e9k a Buk.-i Konzervat\u00f3riumba, ahol komplex [&hellip;]<\/p>\n","protected":false},"featured_media":0,"comment_status":"open","ping_status":"closed","template":"","meta":[],"product_brand":[],"product_cat":[137],"product_tag":[],"class_list":{"0":"post-23406","1":"product","2":"type-product","3":"status-publish","5":"product_cat-maros-megyei-eletrajzi-lexikon","7":"first","8":"instock","9":"shipping-taxable","10":"product-type-simple"},"_links":{"self":[{"href":"https:\/\/uj.adatbank.ro\/lexikon\/wp-json\/wp\/v2\/product\/23406","targetHints":{"allow":["GET"]}}],"collection":[{"href":"https:\/\/uj.adatbank.ro\/lexikon\/wp-json\/wp\/v2\/product"}],"about":[{"href":"https:\/\/uj.adatbank.ro\/lexikon\/wp-json\/wp\/v2\/types\/product"}],"replies":[{"embeddable":true,"href":"https:\/\/uj.adatbank.ro\/lexikon\/wp-json\/wp\/v2\/comments?post=23406"}],"wp:attachment":[{"href":"https:\/\/uj.adatbank.ro\/lexikon\/wp-json\/wp\/v2\/media?parent=23406"}],"wp:term":[{"taxonomy":"product_brand","embeddable":true,"href":"https:\/\/uj.adatbank.ro\/lexikon\/wp-json\/wp\/v2\/product_brand?post=23406"},{"taxonomy":"product_cat","embeddable":true,"href":"https:\/\/uj.adatbank.ro\/lexikon\/wp-json\/wp\/v2\/product_cat?post=23406"},{"taxonomy":"product_tag","embeddable":true,"href":"https:\/\/uj.adatbank.ro\/lexikon\/wp-json\/wp\/v2\/product_tag?post=23406"}],"curies":[{"name":"wp","href":"https:\/\/api.w.org\/{rel}","templated":true}]}}