{"id":23407,"date":"2025-08-01T17:26:17","date_gmt":"2025-08-01T15:26:17","guid":{"rendered":"https:\/\/uj.adatbank.ro\/lexikon\/termek\/tornyai-ferenc\/"},"modified":"2025-08-01T17:26:17","modified_gmt":"2025-08-01T15:26:17","slug":"tornyai-ferenc","status":"publish","type":"product","link":"https:\/\/uj.adatbank.ro\/lexikon\/termek\/tornyai-ferenc\/","title":{"rendered":"TORNYAi Ferenc"},"content":{"rendered":"<p>? \u2020 ?: r. k. lelk\u00e9sz, misszion\u00e1rius. \u2013 Az EMKE saj\u00e1t k\u00f6lts\u00e9g\u00e9n nyomtatta ki r\u00f6pirat\u00e1t, \u00e9s terjesztette a kiv\u00e1ndorl\u00e1s \u00e1ltal legjobban s\u00fajtott v\u00e1rmegy\u00e9k k\u00f6zs\u00e9geiben. \u2013  <strong>F. m..:<\/strong> Sz\u00e1m\u0171zet\u00e9sem ideje, vagy mi\u00e9rt hagytam ott Ol\u00e1horsz\u00e1got (Mv., 1899). <br \/><strong>\u2013 Irod.:<\/strong> F\u00fcl\u00f6p\u2013Ferencz; S\u00e1ndor.<\/br><\/p>\n","protected":false},"excerpt":{"rendered":"<p>? \u2020 ?: r. k. lelk\u00e9sz, misszion\u00e1rius. \u2013 Az EMKE saj\u00e1t k\u00f6lts\u00e9g\u00e9n nyomtatta ki r\u00f6pirat\u00e1t, \u00e9s terjesztette a kiv\u00e1ndorl\u00e1s \u00e1ltal legjobban s\u00fajtott v\u00e1rmegy\u00e9k k\u00f6zs\u00e9geiben. \u2013 F. m..: Sz\u00e1m\u0171zet\u00e9sem ideje, vagy mi\u00e9rt hagytam ott Ol\u00e1horsz\u00e1got (Mv., 1899). \u2013 Irod.: F\u00fcl\u00f6p\u2013Ferencz; S\u00e1ndor.<\/p>\n","protected":false},"featured_media":0,"comment_status":"open","ping_status":"closed","template":"","meta":[],"product_brand":[],"product_cat":[137],"product_tag":[],"class_list":{"0":"post-23407","1":"product","2":"type-product","3":"status-publish","5":"product_cat-maros-megyei-eletrajzi-lexikon","7":"first","8":"instock","9":"shipping-taxable","10":"product-type-simple"},"_links":{"self":[{"href":"https:\/\/uj.adatbank.ro\/lexikon\/wp-json\/wp\/v2\/product\/23407","targetHints":{"allow":["GET"]}}],"collection":[{"href":"https:\/\/uj.adatbank.ro\/lexikon\/wp-json\/wp\/v2\/product"}],"about":[{"href":"https:\/\/uj.adatbank.ro\/lexikon\/wp-json\/wp\/v2\/types\/product"}],"replies":[{"embeddable":true,"href":"https:\/\/uj.adatbank.ro\/lexikon\/wp-json\/wp\/v2\/comments?post=23407"}],"wp:attachment":[{"href":"https:\/\/uj.adatbank.ro\/lexikon\/wp-json\/wp\/v2\/media?parent=23407"}],"wp:term":[{"taxonomy":"product_brand","embeddable":true,"href":"https:\/\/uj.adatbank.ro\/lexikon\/wp-json\/wp\/v2\/product_brand?post=23407"},{"taxonomy":"product_cat","embeddable":true,"href":"https:\/\/uj.adatbank.ro\/lexikon\/wp-json\/wp\/v2\/product_cat?post=23407"},{"taxonomy":"product_tag","embeddable":true,"href":"https:\/\/uj.adatbank.ro\/lexikon\/wp-json\/wp\/v2\/product_tag?post=23407"}],"curies":[{"name":"wp","href":"https:\/\/api.w.org\/{rel}","templated":true}]}}