{"id":23411,"date":"2025-08-01T17:26:25","date_gmt":"2025-08-01T15:26:25","guid":{"rendered":"https:\/\/uj.adatbank.ro\/lexikon\/termek\/toroczkai-gergely-hegeni\/"},"modified":"2025-08-01T17:26:25","modified_gmt":"2025-08-01T15:26:25","slug":"toroczkai-gergely-hegeni","status":"publish","type":"product","link":"https:\/\/uj.adatbank.ro\/lexikon\/termek\/toroczkai-gergely-hegeni\/","title":{"rendered":"TOROCZKAI Gergely, h\u00e9geni"},"content":{"rendered":"<p>? \u2020 ?: unit. lelk\u00e9sz. \u2013 Sz\u00e9ken szolg\u00e1lt (1622), majd K\u00fck\u00fcll\u0151domb\u00f3n (1629). Kisadorj\u00e1nban (1638). <br \/><strong>\u2013 Irod.:<\/strong> K\u00e9nosi\u2013Uzoni 2.; Kisadorj\u00e1n.<\/br><\/p>\n","protected":false},"excerpt":{"rendered":"<p>? \u2020 ?: unit. lelk\u00e9sz. \u2013 Sz\u00e9ken szolg\u00e1lt (1622), majd K\u00fck\u00fcll\u0151domb\u00f3n (1629). Kisadorj\u00e1nban (1638). \u2013 Irod.: K\u00e9nosi\u2013Uzoni 2.; Kisadorj\u00e1n.<\/p>\n","protected":false},"featured_media":0,"comment_status":"open","ping_status":"closed","template":"","meta":[],"product_brand":[],"product_cat":[137],"product_tag":[],"class_list":{"0":"post-23411","1":"product","2":"type-product","3":"status-publish","5":"product_cat-maros-megyei-eletrajzi-lexikon","7":"first","8":"instock","9":"shipping-taxable","10":"product-type-simple"},"_links":{"self":[{"href":"https:\/\/uj.adatbank.ro\/lexikon\/wp-json\/wp\/v2\/product\/23411","targetHints":{"allow":["GET"]}}],"collection":[{"href":"https:\/\/uj.adatbank.ro\/lexikon\/wp-json\/wp\/v2\/product"}],"about":[{"href":"https:\/\/uj.adatbank.ro\/lexikon\/wp-json\/wp\/v2\/types\/product"}],"replies":[{"embeddable":true,"href":"https:\/\/uj.adatbank.ro\/lexikon\/wp-json\/wp\/v2\/comments?post=23411"}],"wp:attachment":[{"href":"https:\/\/uj.adatbank.ro\/lexikon\/wp-json\/wp\/v2\/media?parent=23411"}],"wp:term":[{"taxonomy":"product_brand","embeddable":true,"href":"https:\/\/uj.adatbank.ro\/lexikon\/wp-json\/wp\/v2\/product_brand?post=23411"},{"taxonomy":"product_cat","embeddable":true,"href":"https:\/\/uj.adatbank.ro\/lexikon\/wp-json\/wp\/v2\/product_cat?post=23411"},{"taxonomy":"product_tag","embeddable":true,"href":"https:\/\/uj.adatbank.ro\/lexikon\/wp-json\/wp\/v2\/product_tag?post=23411"}],"curies":[{"name":"wp","href":"https:\/\/api.w.org\/{rel}","templated":true}]}}