{"id":23412,"date":"2025-08-01T17:26:28","date_gmt":"2025-08-01T15:26:28","guid":{"rendered":"https:\/\/uj.adatbank.ro\/lexikon\/termek\/toroczkai-gyorgy\/"},"modified":"2025-08-01T17:26:28","modified_gmt":"2025-08-01T15:26:28","slug":"toroczkai-gyorgy","status":"publish","type":"product","link":"https:\/\/uj.adatbank.ro\/lexikon\/termek\/toroczkai-gyorgy\/","title":{"rendered":"TOROCZKAI Gy\u00f6rgy"},"content":{"rendered":"<p>? \u2020 ?: kat. f\u0151\u00far, iskolat\u00e1mogat\u00f3. \u2013 Seg\u00edtette anyagilag \u00e9s erk\u00f6lcsileg az \u00fajj\u00e1szervez\u0151d\u0151 r. k. egyh\u00e1zat \u00e9s iskol\u00e1t, a jezsuita misszi\u00f3t (1700-as \u00e9vek eleje). <br \/><strong>\u2013 Irod.:<\/strong> P\u00e1l-Antal 2009.<\/br><\/p>\n","protected":false},"excerpt":{"rendered":"<p>? \u2020 ?: kat. f\u0151\u00far, iskolat\u00e1mogat\u00f3. \u2013 Seg\u00edtette anyagilag \u00e9s erk\u00f6lcsileg az \u00fajj\u00e1szervez\u0151d\u0151 r. k. egyh\u00e1zat \u00e9s iskol\u00e1t, a jezsuita misszi\u00f3t (1700-as \u00e9vek eleje). \u2013 Irod.: P\u00e1l-Antal 2009.<\/p>\n","protected":false},"featured_media":0,"comment_status":"open","ping_status":"closed","template":"","meta":[],"product_brand":[],"product_cat":[137],"product_tag":[],"class_list":{"0":"post-23412","1":"product","2":"type-product","3":"status-publish","5":"product_cat-maros-megyei-eletrajzi-lexikon","7":"first","8":"instock","9":"shipping-taxable","10":"product-type-simple"},"_links":{"self":[{"href":"https:\/\/uj.adatbank.ro\/lexikon\/wp-json\/wp\/v2\/product\/23412","targetHints":{"allow":["GET"]}}],"collection":[{"href":"https:\/\/uj.adatbank.ro\/lexikon\/wp-json\/wp\/v2\/product"}],"about":[{"href":"https:\/\/uj.adatbank.ro\/lexikon\/wp-json\/wp\/v2\/types\/product"}],"replies":[{"embeddable":true,"href":"https:\/\/uj.adatbank.ro\/lexikon\/wp-json\/wp\/v2\/comments?post=23412"}],"wp:attachment":[{"href":"https:\/\/uj.adatbank.ro\/lexikon\/wp-json\/wp\/v2\/media?parent=23412"}],"wp:term":[{"taxonomy":"product_brand","embeddable":true,"href":"https:\/\/uj.adatbank.ro\/lexikon\/wp-json\/wp\/v2\/product_brand?post=23412"},{"taxonomy":"product_cat","embeddable":true,"href":"https:\/\/uj.adatbank.ro\/lexikon\/wp-json\/wp\/v2\/product_cat?post=23412"},{"taxonomy":"product_tag","embeddable":true,"href":"https:\/\/uj.adatbank.ro\/lexikon\/wp-json\/wp\/v2\/product_tag?post=23412"}],"curies":[{"name":"wp","href":"https:\/\/api.w.org\/{rel}","templated":true}]}}