{"id":23414,"date":"2025-08-01T17:26:32","date_gmt":"2025-08-01T15:26:32","guid":{"rendered":"https:\/\/uj.adatbank.ro\/lexikon\/termek\/toroczkai-istvan-2\/"},"modified":"2025-08-01T17:26:32","modified_gmt":"2025-08-01T15:26:32","slug":"toroczkai-istvan-2","status":"publish","type":"product","link":"https:\/\/uj.adatbank.ro\/lexikon\/termek\/toroczkai-istvan-2\/","title":{"rendered":"TOROCZKAI Istv\u00e1n"},"content":{"rendered":"<p>? \u2020 1712.: f\u0151kapit\u00e1ny. \u2013 Aranyossz\u00e9k f\u0151kapit\u00e1nya (1690\u2013), az erd\u00e9lyi kuruc hadak, R\u00e1k\u00f3czi f\u0151parancsnoka. Szerepe volt Mv. R\u00e1k\u00f3czi mell\u00e9 \u00e1ll\u00e1s\u00e1ban (1704). Feles\u00e9ge Kapi Borb\u00e1la br.-n\u0151, fiaik T. J\u00e1nos, kir. kincstart\u00f3 \u00e9s T Gy\u00f6rgy. <br \/><strong>\u2013 Irod.:<\/strong> K\u00e9nosi\u2013Uzoni 1.; P\u00e1l-Antal 2002; P\u00e1l-Antal 2009.<\/br><\/p>\n","protected":false},"excerpt":{"rendered":"<p>? \u2020 1712.: f\u0151kapit\u00e1ny. \u2013 Aranyossz\u00e9k f\u0151kapit\u00e1nya (1690\u2013), az erd\u00e9lyi kuruc hadak, R\u00e1k\u00f3czi f\u0151parancsnoka. Szerepe volt Mv. R\u00e1k\u00f3czi mell\u00e9 \u00e1ll\u00e1s\u00e1ban (1704). Feles\u00e9ge Kapi Borb\u00e1la br.-n\u0151, fiaik T. J\u00e1nos, kir. kincstart\u00f3 \u00e9s T Gy\u00f6rgy. \u2013 Irod.: K\u00e9nosi\u2013Uzoni 1.; P\u00e1l-Antal 2002; P\u00e1l-Antal 2009.<\/p>\n","protected":false},"featured_media":0,"comment_status":"open","ping_status":"closed","template":"","meta":[],"product_brand":[],"product_cat":[137],"product_tag":[],"class_list":{"0":"post-23414","1":"product","2":"type-product","3":"status-publish","5":"product_cat-maros-megyei-eletrajzi-lexikon","7":"first","8":"instock","9":"shipping-taxable","10":"product-type-simple"},"_links":{"self":[{"href":"https:\/\/uj.adatbank.ro\/lexikon\/wp-json\/wp\/v2\/product\/23414","targetHints":{"allow":["GET"]}}],"collection":[{"href":"https:\/\/uj.adatbank.ro\/lexikon\/wp-json\/wp\/v2\/product"}],"about":[{"href":"https:\/\/uj.adatbank.ro\/lexikon\/wp-json\/wp\/v2\/types\/product"}],"replies":[{"embeddable":true,"href":"https:\/\/uj.adatbank.ro\/lexikon\/wp-json\/wp\/v2\/comments?post=23414"}],"wp:attachment":[{"href":"https:\/\/uj.adatbank.ro\/lexikon\/wp-json\/wp\/v2\/media?parent=23414"}],"wp:term":[{"taxonomy":"product_brand","embeddable":true,"href":"https:\/\/uj.adatbank.ro\/lexikon\/wp-json\/wp\/v2\/product_brand?post=23414"},{"taxonomy":"product_cat","embeddable":true,"href":"https:\/\/uj.adatbank.ro\/lexikon\/wp-json\/wp\/v2\/product_cat?post=23414"},{"taxonomy":"product_tag","embeddable":true,"href":"https:\/\/uj.adatbank.ro\/lexikon\/wp-json\/wp\/v2\/product_tag?post=23414"}],"curies":[{"name":"wp","href":"https:\/\/api.w.org\/{rel}","templated":true}]}}