{"id":23417,"date":"2025-08-01T17:26:40","date_gmt":"2025-08-01T15:26:40","guid":{"rendered":"https:\/\/uj.adatbank.ro\/lexikon\/termek\/toroczkai-judit-toldalagi-janosne\/"},"modified":"2025-08-01T17:26:40","modified_gmt":"2025-08-01T15:26:40","slug":"toroczkai-judit-toldalagi-janosne","status":"publish","type":"product","link":"https:\/\/uj.adatbank.ro\/lexikon\/termek\/toroczkai-judit-toldalagi-janosne\/","title":{"rendered":"TOROCZKAI Judit, Toldalagi J\u00e1nosn\u00e9"},"content":{"rendered":"<p>? \u2020 1666?: f\u00f6ldbirtokos. \u2013 Testv\u00e9re: T. Zs\u00f3fia Toldalagi G\u00e1born\u00e9. F\u00e9rje: 1. Husz\u00e1r P\u00e9ter, le\u00e1nyuk H. Zsuzsa.; 2. Toldalagi J\u00e1nos. \u2013 V\u00e9grendelete alapj\u00e1n T. J\u00e1nos, a f\u00e9rje \u00f6r\u00f6k\u00f6lte az abaf\u00e1ji udvarh\u00e1zat j\u00f3sz\u00e1gost\u00f3l (1666), \u00e9s r\u00e1b\u00edzta az abaf\u00e1ji ref. templom fel\u00e9p\u00edt\u00e9s\u00e9t. Vagyon\u00e1b\u00f3l, t\u00e1rgyaib\u00f3l, birtokaib\u00f3l m\u00e9g \u00f6r\u00f6k\u00f6lt: testv\u00e9re, Zs\u00f3fia; Bornemissza Anna Apafi Mih\u00e1lyn\u00e9, Husz\u00e1r M\u00e1ty\u00e1s, Szal\u00e1nczi J\u00e1nos, a mikh\u00e1zi \u00e9s a cs\u00edki kolostor, \u00e9s m\u00e9g sokan m\u00e1sok. <br \/><strong>\u2013 Irod.:<\/strong> Toroczkai Judit v\u00e9grendelete 1666-b\u00f3l. K\u00f6zli b. B\u00e1lintitt J\u00f3zsef (Erd\u00e9lyi M\u00fazeum, 1907, 2. sz.).<\/br><\/p>\n","protected":false},"excerpt":{"rendered":"<p>? \u2020 1666?: f\u00f6ldbirtokos. \u2013 Testv\u00e9re: T. Zs\u00f3fia Toldalagi G\u00e1born\u00e9. F\u00e9rje: 1. Husz\u00e1r P\u00e9ter, le\u00e1nyuk H. Zsuzsa.; 2. Toldalagi J\u00e1nos. \u2013 V\u00e9grendelete alapj\u00e1n T. J\u00e1nos, a f\u00e9rje \u00f6r\u00f6k\u00f6lte az abaf\u00e1ji udvarh\u00e1zat j\u00f3sz\u00e1gost\u00f3l (1666), \u00e9s r\u00e1b\u00edzta az abaf\u00e1ji ref. templom fel\u00e9p\u00edt\u00e9s\u00e9t. Vagyon\u00e1b\u00f3l, t\u00e1rgyaib\u00f3l, birtokaib\u00f3l m\u00e9g \u00f6r\u00f6k\u00f6lt: testv\u00e9re, Zs\u00f3fia; Bornemissza Anna Apafi Mih\u00e1lyn\u00e9, Husz\u00e1r M\u00e1ty\u00e1s, Szal\u00e1nczi J\u00e1nos, [&hellip;]<\/p>\n","protected":false},"featured_media":0,"comment_status":"open","ping_status":"closed","template":"","meta":[],"product_brand":[],"product_cat":[137],"product_tag":[],"class_list":{"0":"post-23417","1":"product","2":"type-product","3":"status-publish","5":"product_cat-maros-megyei-eletrajzi-lexikon","7":"first","8":"instock","9":"shipping-taxable","10":"product-type-simple"},"_links":{"self":[{"href":"https:\/\/uj.adatbank.ro\/lexikon\/wp-json\/wp\/v2\/product\/23417","targetHints":{"allow":["GET"]}}],"collection":[{"href":"https:\/\/uj.adatbank.ro\/lexikon\/wp-json\/wp\/v2\/product"}],"about":[{"href":"https:\/\/uj.adatbank.ro\/lexikon\/wp-json\/wp\/v2\/types\/product"}],"replies":[{"embeddable":true,"href":"https:\/\/uj.adatbank.ro\/lexikon\/wp-json\/wp\/v2\/comments?post=23417"}],"wp:attachment":[{"href":"https:\/\/uj.adatbank.ro\/lexikon\/wp-json\/wp\/v2\/media?parent=23417"}],"wp:term":[{"taxonomy":"product_brand","embeddable":true,"href":"https:\/\/uj.adatbank.ro\/lexikon\/wp-json\/wp\/v2\/product_brand?post=23417"},{"taxonomy":"product_cat","embeddable":true,"href":"https:\/\/uj.adatbank.ro\/lexikon\/wp-json\/wp\/v2\/product_cat?post=23417"},{"taxonomy":"product_tag","embeddable":true,"href":"https:\/\/uj.adatbank.ro\/lexikon\/wp-json\/wp\/v2\/product_tag?post=23417"}],"curies":[{"name":"wp","href":"https:\/\/api.w.org\/{rel}","templated":true}]}}