{"id":23419,"date":"2025-08-01T17:26:46","date_gmt":"2025-08-01T15:26:46","guid":{"rendered":"https:\/\/uj.adatbank.ro\/lexikon\/termek\/toroczkai-maria\/"},"modified":"2025-08-01T17:26:46","modified_gmt":"2025-08-01T15:26:46","slug":"toroczkai-maria","status":"publish","type":"product","link":"https:\/\/uj.adatbank.ro\/lexikon\/termek\/toroczkai-maria\/","title":{"rendered":"TOROCZKAI M\u00e1ria"},"content":{"rendered":"<p>? \u2020 S\u00e1msond, 1738. m\u00e1rc. 23. temet\u00e9se: s\u00e1msondi birtokos. \u2013 S\u00e1msondon tartott temet\u00e9si besz\u00e9d. <br \/><strong>\u2013 Irod.:<\/strong> Halotti besz\u00e9dek; Verest\u00f3i Gy\u00f6rgy: Holtakkal val\u00f3 bar\u00e1ts\u00e1g (Kv., 1783).<\/br><\/p>\n","protected":false},"excerpt":{"rendered":"<p>? \u2020 S\u00e1msond, 1738. m\u00e1rc. 23. temet\u00e9se: s\u00e1msondi birtokos. \u2013 S\u00e1msondon tartott temet\u00e9si besz\u00e9d. \u2013 Irod.: Halotti besz\u00e9dek; Verest\u00f3i Gy\u00f6rgy: Holtakkal val\u00f3 bar\u00e1ts\u00e1g (Kv., 1783).<\/p>\n","protected":false},"featured_media":0,"comment_status":"open","ping_status":"closed","template":"","meta":[],"product_brand":[],"product_cat":[137],"product_tag":[],"class_list":{"0":"post-23419","1":"product","2":"type-product","3":"status-publish","5":"product_cat-maros-megyei-eletrajzi-lexikon","7":"first","8":"instock","9":"shipping-taxable","10":"product-type-simple"},"_links":{"self":[{"href":"https:\/\/uj.adatbank.ro\/lexikon\/wp-json\/wp\/v2\/product\/23419","targetHints":{"allow":["GET"]}}],"collection":[{"href":"https:\/\/uj.adatbank.ro\/lexikon\/wp-json\/wp\/v2\/product"}],"about":[{"href":"https:\/\/uj.adatbank.ro\/lexikon\/wp-json\/wp\/v2\/types\/product"}],"replies":[{"embeddable":true,"href":"https:\/\/uj.adatbank.ro\/lexikon\/wp-json\/wp\/v2\/comments?post=23419"}],"wp:attachment":[{"href":"https:\/\/uj.adatbank.ro\/lexikon\/wp-json\/wp\/v2\/media?parent=23419"}],"wp:term":[{"taxonomy":"product_brand","embeddable":true,"href":"https:\/\/uj.adatbank.ro\/lexikon\/wp-json\/wp\/v2\/product_brand?post=23419"},{"taxonomy":"product_cat","embeddable":true,"href":"https:\/\/uj.adatbank.ro\/lexikon\/wp-json\/wp\/v2\/product_cat?post=23419"},{"taxonomy":"product_tag","embeddable":true,"href":"https:\/\/uj.adatbank.ro\/lexikon\/wp-json\/wp\/v2\/product_tag?post=23419"}],"curies":[{"name":"wp","href":"https:\/\/api.w.org\/{rel}","templated":true}]}}