{"id":23423,"date":"2025-08-01T17:26:55","date_gmt":"2025-08-01T15:26:55","guid":{"rendered":"https:\/\/uj.adatbank.ro\/lexikon\/termek\/toroczkai-zsigmond-toroczkoszentgyorgyi\/"},"modified":"2025-08-01T17:26:55","modified_gmt":"2025-08-01T15:26:55","slug":"toroczkai-zsigmond-toroczkoszentgyorgyi","status":"publish","type":"product","link":"https:\/\/uj.adatbank.ro\/lexikon\/termek\/toroczkai-zsigmond-toroczkoszentgyorgyi\/","title":{"rendered":"TOROCZKAI Zsigmond, toroczk\u00f3szentgy\u00f6rgyi"},"content":{"rendered":"<p>? \u2020 ?: birtokos. \u2013 Feles\u00e9ge: sz\u00e9ki gr. Teleki Eszter (\u2020 1778. j\u00fan. 14. temet\u00e9se). Z\u00e1goni G\u00e1bor volt a h\u00e1ziorvosa miut\u00e1n k\u00fclf\u00f6ldi tanulm\u00e1ny\u00fatj\u00e1r\u00f3l hazat\u00e9rt (1764). <br \/><strong>\u2013 Irod.:<\/strong> Fogarasi Pap J\u00f3zsef: Minden asszonyi nemet meg\u00e9kes\u00edt\u0151 kereszt\u00e9nyi igaz virtusoknak egy t\u00f6k\u00e9letes p\u00e9ld\u00e1nya&#8230; sz\u00e9ki Teleki Eszter gr. Toroczkai Zsigmond \u00e9lete p\u00e1rja, kinek kegyess\u00e9g\u00e9hez szabott \u00e9let\u00e9t \u00e9s ahhoz hasonl\u00f3 hal\u00e1l\u00e1t egy\u00fcgy\u00fcen de igaz\u00e1n leirta..: Gy\u00e1szvers (Kv., 1779); Halotti besz\u00e9dek; K\u00e9nosi\u2013Uzoni 1., P\u00e1l-Antal 2009.<\/br><\/p>\n","protected":false},"excerpt":{"rendered":"<p>? \u2020 ?: birtokos. \u2013 Feles\u00e9ge: sz\u00e9ki gr. Teleki Eszter (\u2020 1778. j\u00fan. 14. temet\u00e9se). Z\u00e1goni G\u00e1bor volt a h\u00e1ziorvosa miut\u00e1n k\u00fclf\u00f6ldi tanulm\u00e1ny\u00fatj\u00e1r\u00f3l hazat\u00e9rt (1764). \u2013 Irod.: Fogarasi Pap J\u00f3zsef: Minden asszonyi nemet meg\u00e9kes\u00edt\u0151 kereszt\u00e9nyi igaz virtusoknak egy t\u00f6k\u00e9letes p\u00e9ld\u00e1nya&#8230; sz\u00e9ki Teleki Eszter gr. Toroczkai Zsigmond \u00e9lete p\u00e1rja, kinek kegyess\u00e9g\u00e9hez szabott \u00e9let\u00e9t \u00e9s ahhoz hasonl\u00f3 [&hellip;]<\/p>\n","protected":false},"featured_media":0,"comment_status":"open","ping_status":"closed","template":"","meta":[],"product_brand":[],"product_cat":[137],"product_tag":[],"class_list":{"0":"post-23423","1":"product","2":"type-product","3":"status-publish","5":"product_cat-maros-megyei-eletrajzi-lexikon","7":"first","8":"instock","9":"shipping-taxable","10":"product-type-simple"},"_links":{"self":[{"href":"https:\/\/uj.adatbank.ro\/lexikon\/wp-json\/wp\/v2\/product\/23423","targetHints":{"allow":["GET"]}}],"collection":[{"href":"https:\/\/uj.adatbank.ro\/lexikon\/wp-json\/wp\/v2\/product"}],"about":[{"href":"https:\/\/uj.adatbank.ro\/lexikon\/wp-json\/wp\/v2\/types\/product"}],"replies":[{"embeddable":true,"href":"https:\/\/uj.adatbank.ro\/lexikon\/wp-json\/wp\/v2\/comments?post=23423"}],"wp:attachment":[{"href":"https:\/\/uj.adatbank.ro\/lexikon\/wp-json\/wp\/v2\/media?parent=23423"}],"wp:term":[{"taxonomy":"product_brand","embeddable":true,"href":"https:\/\/uj.adatbank.ro\/lexikon\/wp-json\/wp\/v2\/product_brand?post=23423"},{"taxonomy":"product_cat","embeddable":true,"href":"https:\/\/uj.adatbank.ro\/lexikon\/wp-json\/wp\/v2\/product_cat?post=23423"},{"taxonomy":"product_tag","embeddable":true,"href":"https:\/\/uj.adatbank.ro\/lexikon\/wp-json\/wp\/v2\/product_tag?post=23423"}],"curies":[{"name":"wp","href":"https:\/\/api.w.org\/{rel}","templated":true}]}}