{"id":23427,"date":"2025-08-01T17:27:07","date_gmt":"2025-08-01T15:27:07","guid":{"rendered":"https:\/\/uj.adatbank.ro\/lexikon\/termek\/torok\/"},"modified":"2025-08-01T17:27:07","modified_gmt":"2025-08-01T15:27:07","slug":"torok","status":"publish","type":"product","link":"https:\/\/uj.adatbank.ro\/lexikon\/termek\/torok\/","title":{"rendered":"T\u00d6R\u00d6K"},"content":{"rendered":"<p>B\u00e1gyi csal\u00e1d, melyb\u0151l J\u00e1nos mv.-i ref. tan\u00e1r, politikai v\u00e1d folyt\u00e1n hadi t\u00f6rv.sz\u00e9ki \u00edt\u00e9let mellett (1854. mart. 10.) kiv\u00e9gezt\u00e9k. <br \/><strong>\u2013 Irod.:<\/strong> Nagy Iv\u00e1n.<\/br><\/p>\n","protected":false},"excerpt":{"rendered":"<p>B\u00e1gyi csal\u00e1d, melyb\u0151l J\u00e1nos mv.-i ref. tan\u00e1r, politikai v\u00e1d folyt\u00e1n hadi t\u00f6rv.sz\u00e9ki \u00edt\u00e9let mellett (1854. mart. 10.) kiv\u00e9gezt\u00e9k. \u2013 Irod.: Nagy Iv\u00e1n.<\/p>\n","protected":false},"featured_media":0,"comment_status":"open","ping_status":"closed","template":"","meta":[],"product_brand":[],"product_cat":[137],"product_tag":[],"class_list":{"0":"post-23427","1":"product","2":"type-product","3":"status-publish","5":"product_cat-maros-megyei-eletrajzi-lexikon","7":"first","8":"instock","9":"shipping-taxable","10":"product-type-simple"},"_links":{"self":[{"href":"https:\/\/uj.adatbank.ro\/lexikon\/wp-json\/wp\/v2\/product\/23427","targetHints":{"allow":["GET"]}}],"collection":[{"href":"https:\/\/uj.adatbank.ro\/lexikon\/wp-json\/wp\/v2\/product"}],"about":[{"href":"https:\/\/uj.adatbank.ro\/lexikon\/wp-json\/wp\/v2\/types\/product"}],"replies":[{"embeddable":true,"href":"https:\/\/uj.adatbank.ro\/lexikon\/wp-json\/wp\/v2\/comments?post=23427"}],"wp:attachment":[{"href":"https:\/\/uj.adatbank.ro\/lexikon\/wp-json\/wp\/v2\/media?parent=23427"}],"wp:term":[{"taxonomy":"product_brand","embeddable":true,"href":"https:\/\/uj.adatbank.ro\/lexikon\/wp-json\/wp\/v2\/product_brand?post=23427"},{"taxonomy":"product_cat","embeddable":true,"href":"https:\/\/uj.adatbank.ro\/lexikon\/wp-json\/wp\/v2\/product_cat?post=23427"},{"taxonomy":"product_tag","embeddable":true,"href":"https:\/\/uj.adatbank.ro\/lexikon\/wp-json\/wp\/v2\/product_tag?post=23427"}],"curies":[{"name":"wp","href":"https:\/\/api.w.org\/{rel}","templated":true}]}}