{"id":23428,"date":"2025-08-01T17:27:09","date_gmt":"2025-08-01T15:27:09","guid":{"rendered":"https:\/\/uj.adatbank.ro\/lexikon\/termek\/torok-2\/"},"modified":"2025-08-01T17:27:09","modified_gmt":"2025-08-01T15:27:09","slug":"torok-2","status":"publish","type":"product","link":"https:\/\/uj.adatbank.ro\/lexikon\/termek\/torok-2\/","title":{"rendered":"T\u00d6R\u00d6K"},"content":{"rendered":"<p>Harasztosi csal\u00e1d: T. J\u00e1nos \u00e9s Mih\u00e1ly nyert primipil\u00e1tust (1650. dec. 21.); El\u0151n\u00e9v \u00e9s c\u00edmer meger\u0151s\u00edt\u00e9se 1911. febr. 6. T. K\u00e1lm\u00e1n ezredes, 1913. jan. 9. T. Vilmos t\u00f6rv\u00e9nysz\u00e9ki telekk\u00f6nyv vezet\u0151 r\u00e9sz\u00e9re; G\u00e1bor Aranyossz\u00e9kben \u00edrnok 1831-ben&#8230; <br \/><strong>\u2013 Irod.:<\/strong> Kempelen; Nagy Iv\u00e1n; P\u00e1lmay.<\/br><\/p>\n","protected":false},"excerpt":{"rendered":"<p>Harasztosi csal\u00e1d: T. J\u00e1nos \u00e9s Mih\u00e1ly nyert primipil\u00e1tust (1650. dec. 21.); El\u0151n\u00e9v \u00e9s c\u00edmer meger\u0151s\u00edt\u00e9se 1911. febr. 6. T. K\u00e1lm\u00e1n ezredes, 1913. jan. 9. T. Vilmos t\u00f6rv\u00e9nysz\u00e9ki telekk\u00f6nyv vezet\u0151 r\u00e9sz\u00e9re; G\u00e1bor Aranyossz\u00e9kben \u00edrnok 1831-ben&#8230; \u2013 Irod.: Kempelen; Nagy Iv\u00e1n; P\u00e1lmay.<\/p>\n","protected":false},"featured_media":0,"comment_status":"open","ping_status":"closed","template":"","meta":[],"product_brand":[],"product_cat":[137],"product_tag":[],"class_list":{"0":"post-23428","1":"product","2":"type-product","3":"status-publish","5":"product_cat-maros-megyei-eletrajzi-lexikon","7":"first","8":"instock","9":"shipping-taxable","10":"product-type-simple"},"_links":{"self":[{"href":"https:\/\/uj.adatbank.ro\/lexikon\/wp-json\/wp\/v2\/product\/23428","targetHints":{"allow":["GET"]}}],"collection":[{"href":"https:\/\/uj.adatbank.ro\/lexikon\/wp-json\/wp\/v2\/product"}],"about":[{"href":"https:\/\/uj.adatbank.ro\/lexikon\/wp-json\/wp\/v2\/types\/product"}],"replies":[{"embeddable":true,"href":"https:\/\/uj.adatbank.ro\/lexikon\/wp-json\/wp\/v2\/comments?post=23428"}],"wp:attachment":[{"href":"https:\/\/uj.adatbank.ro\/lexikon\/wp-json\/wp\/v2\/media?parent=23428"}],"wp:term":[{"taxonomy":"product_brand","embeddable":true,"href":"https:\/\/uj.adatbank.ro\/lexikon\/wp-json\/wp\/v2\/product_brand?post=23428"},{"taxonomy":"product_cat","embeddable":true,"href":"https:\/\/uj.adatbank.ro\/lexikon\/wp-json\/wp\/v2\/product_cat?post=23428"},{"taxonomy":"product_tag","embeddable":true,"href":"https:\/\/uj.adatbank.ro\/lexikon\/wp-json\/wp\/v2\/product_tag?post=23428"}],"curies":[{"name":"wp","href":"https:\/\/api.w.org\/{rel}","templated":true}]}}