{"id":23429,"date":"2025-08-01T17:27:12","date_gmt":"2025-08-01T15:27:12","guid":{"rendered":"https:\/\/uj.adatbank.ro\/lexikon\/termek\/torok-3\/"},"modified":"2025-08-01T17:27:12","modified_gmt":"2025-08-01T15:27:12","slug":"torok-3","status":"publish","type":"product","link":"https:\/\/uj.adatbank.ro\/lexikon\/termek\/torok-3\/","title":{"rendered":"T\u00d6R\u00d6K"},"content":{"rendered":"<p>Hodosi csal\u00e1d: nemess\u00e9ge \u0151si sz\u00e9kely jogon alapszik. Nemess\u00e9ge 1608-b\u00f3l ered; T. P\u00e9ter \u00e9s J\u00e1nos \u00e1rv\u00e1ja lustr\u00e1ltak (1614.). <br \/><strong>\u2013 Irod.:<\/strong> Kempelen; Nagy Iv\u00e1n; P\u00e1lmay.<\/br><\/p>\n","protected":false},"excerpt":{"rendered":"<p>Hodosi csal\u00e1d: nemess\u00e9ge \u0151si sz\u00e9kely jogon alapszik. Nemess\u00e9ge 1608-b\u00f3l ered; T. P\u00e9ter \u00e9s J\u00e1nos \u00e1rv\u00e1ja lustr\u00e1ltak (1614.). \u2013 Irod.: Kempelen; Nagy Iv\u00e1n; P\u00e1lmay.<\/p>\n","protected":false},"featured_media":0,"comment_status":"open","ping_status":"closed","template":"","meta":[],"product_brand":[],"product_cat":[137],"product_tag":[],"class_list":{"0":"post-23429","1":"product","2":"type-product","3":"status-publish","5":"product_cat-maros-megyei-eletrajzi-lexikon","7":"first","8":"instock","9":"shipping-taxable","10":"product-type-simple"},"_links":{"self":[{"href":"https:\/\/uj.adatbank.ro\/lexikon\/wp-json\/wp\/v2\/product\/23429","targetHints":{"allow":["GET"]}}],"collection":[{"href":"https:\/\/uj.adatbank.ro\/lexikon\/wp-json\/wp\/v2\/product"}],"about":[{"href":"https:\/\/uj.adatbank.ro\/lexikon\/wp-json\/wp\/v2\/types\/product"}],"replies":[{"embeddable":true,"href":"https:\/\/uj.adatbank.ro\/lexikon\/wp-json\/wp\/v2\/comments?post=23429"}],"wp:attachment":[{"href":"https:\/\/uj.adatbank.ro\/lexikon\/wp-json\/wp\/v2\/media?parent=23429"}],"wp:term":[{"taxonomy":"product_brand","embeddable":true,"href":"https:\/\/uj.adatbank.ro\/lexikon\/wp-json\/wp\/v2\/product_brand?post=23429"},{"taxonomy":"product_cat","embeddable":true,"href":"https:\/\/uj.adatbank.ro\/lexikon\/wp-json\/wp\/v2\/product_cat?post=23429"},{"taxonomy":"product_tag","embeddable":true,"href":"https:\/\/uj.adatbank.ro\/lexikon\/wp-json\/wp\/v2\/product_tag?post=23429"}],"curies":[{"name":"wp","href":"https:\/\/api.w.org\/{rel}","templated":true}]}}