{"id":23431,"date":"2025-08-01T17:27:17","date_gmt":"2025-08-01T15:27:17","guid":{"rendered":"https:\/\/uj.adatbank.ro\/lexikon\/termek\/torok-5\/"},"modified":"2025-08-01T17:27:17","modified_gmt":"2025-08-01T15:27:17","slug":"torok-5","status":"publish","type":"product","link":"https:\/\/uj.adatbank.ro\/lexikon\/termek\/torok-5\/","title":{"rendered":"T\u00d6R\u00d6K"},"content":{"rendered":"<p>Mez\u0151szak\u00e1li csal\u00e1d: Bazil katonai \u00e9s J\u00e1nos pagocsai g\u00f6r\u00f6g egy. lelk\u00e9szek \u00e9s esperesek 1848. el\u0151tt, J\u00e1nos Lem\u00e9ny g. e. p\u00fcsp\u00f6k der\u00e9k titk\u00e1ra volt. <br \/><strong>\u2013 Irod.:<\/strong> Nagy Iv\u00e1n.<\/br><\/p>\n","protected":false},"excerpt":{"rendered":"<p>Mez\u0151szak\u00e1li csal\u00e1d: Bazil katonai \u00e9s J\u00e1nos pagocsai g\u00f6r\u00f6g egy. lelk\u00e9szek \u00e9s esperesek 1848. el\u0151tt, J\u00e1nos Lem\u00e9ny g. e. p\u00fcsp\u00f6k der\u00e9k titk\u00e1ra volt. \u2013 Irod.: Nagy Iv\u00e1n.<\/p>\n","protected":false},"featured_media":0,"comment_status":"open","ping_status":"closed","template":"","meta":[],"product_brand":[],"product_cat":[137],"product_tag":[],"class_list":{"0":"post-23431","1":"product","2":"type-product","3":"status-publish","5":"product_cat-maros-megyei-eletrajzi-lexikon","7":"first","8":"instock","9":"shipping-taxable","10":"product-type-simple"},"_links":{"self":[{"href":"https:\/\/uj.adatbank.ro\/lexikon\/wp-json\/wp\/v2\/product\/23431","targetHints":{"allow":["GET"]}}],"collection":[{"href":"https:\/\/uj.adatbank.ro\/lexikon\/wp-json\/wp\/v2\/product"}],"about":[{"href":"https:\/\/uj.adatbank.ro\/lexikon\/wp-json\/wp\/v2\/types\/product"}],"replies":[{"embeddable":true,"href":"https:\/\/uj.adatbank.ro\/lexikon\/wp-json\/wp\/v2\/comments?post=23431"}],"wp:attachment":[{"href":"https:\/\/uj.adatbank.ro\/lexikon\/wp-json\/wp\/v2\/media?parent=23431"}],"wp:term":[{"taxonomy":"product_brand","embeddable":true,"href":"https:\/\/uj.adatbank.ro\/lexikon\/wp-json\/wp\/v2\/product_brand?post=23431"},{"taxonomy":"product_cat","embeddable":true,"href":"https:\/\/uj.adatbank.ro\/lexikon\/wp-json\/wp\/v2\/product_cat?post=23431"},{"taxonomy":"product_tag","embeddable":true,"href":"https:\/\/uj.adatbank.ro\/lexikon\/wp-json\/wp\/v2\/product_tag?post=23431"}],"curies":[{"name":"wp","href":"https:\/\/api.w.org\/{rel}","templated":true}]}}