{"id":23434,"date":"2025-08-01T17:27:24","date_gmt":"2025-08-01T15:27:24","guid":{"rendered":"https:\/\/uj.adatbank.ro\/lexikon\/termek\/torok-albert\/"},"modified":"2025-08-01T17:27:24","modified_gmt":"2025-08-01T15:27:24","slug":"torok-albert","status":"publish","type":"product","link":"https:\/\/uj.adatbank.ro\/lexikon\/termek\/torok-albert\/","title":{"rendered":"T\u00d6R\u00d6K Albert"},"content":{"rendered":"<p>Havad, 1899., \u2020 ?: gazd\u00e1lkod\u00f3. \u2013 Gazd\u00e1lkodott sz\u00fcl\u0151hely\u00e9n 35 hold saj\u00e1t f\u00f6ldj\u00e9n. Az els\u0151 vh.-ban az 5. t\u00fcz\u00e9rezredben az orosz \u00e9s az olasz fronton harcolt. A MP tagja, a ref. egyh\u00e1z presbitere, k\u00f6zs\u00e9gi k\u00e9pvisel\u0151 volt. <br \/><strong>\u2013 Irod.:<\/strong> Sz\u00e9kelyf\u00f6ld \u00ed. k.<\/br><\/p>\n","protected":false},"excerpt":{"rendered":"<p>Havad, 1899., \u2020 ?: gazd\u00e1lkod\u00f3. \u2013 Gazd\u00e1lkodott sz\u00fcl\u0151hely\u00e9n 35 hold saj\u00e1t f\u00f6ldj\u00e9n. Az els\u0151 vh.-ban az 5. t\u00fcz\u00e9rezredben az orosz \u00e9s az olasz fronton harcolt. A MP tagja, a ref. egyh\u00e1z presbitere, k\u00f6zs\u00e9gi k\u00e9pvisel\u0151 volt. \u2013 Irod.: Sz\u00e9kelyf\u00f6ld \u00ed. k.<\/p>\n","protected":false},"featured_media":0,"comment_status":"open","ping_status":"closed","template":"","meta":[],"product_brand":[],"product_cat":[137],"product_tag":[],"class_list":{"0":"post-23434","1":"product","2":"type-product","3":"status-publish","5":"product_cat-maros-megyei-eletrajzi-lexikon","7":"first","8":"instock","9":"shipping-taxable","10":"product-type-simple"},"_links":{"self":[{"href":"https:\/\/uj.adatbank.ro\/lexikon\/wp-json\/wp\/v2\/product\/23434","targetHints":{"allow":["GET"]}}],"collection":[{"href":"https:\/\/uj.adatbank.ro\/lexikon\/wp-json\/wp\/v2\/product"}],"about":[{"href":"https:\/\/uj.adatbank.ro\/lexikon\/wp-json\/wp\/v2\/types\/product"}],"replies":[{"embeddable":true,"href":"https:\/\/uj.adatbank.ro\/lexikon\/wp-json\/wp\/v2\/comments?post=23434"}],"wp:attachment":[{"href":"https:\/\/uj.adatbank.ro\/lexikon\/wp-json\/wp\/v2\/media?parent=23434"}],"wp:term":[{"taxonomy":"product_brand","embeddable":true,"href":"https:\/\/uj.adatbank.ro\/lexikon\/wp-json\/wp\/v2\/product_brand?post=23434"},{"taxonomy":"product_cat","embeddable":true,"href":"https:\/\/uj.adatbank.ro\/lexikon\/wp-json\/wp\/v2\/product_cat?post=23434"},{"taxonomy":"product_tag","embeddable":true,"href":"https:\/\/uj.adatbank.ro\/lexikon\/wp-json\/wp\/v2\/product_tag?post=23434"}],"curies":[{"name":"wp","href":"https:\/\/api.w.org\/{rel}","templated":true}]}}